{"id":9553,"date":"2020-03-24T12:35:01","date_gmt":"2020-03-24T11:35:01","guid":{"rendered":"https:\/\/dok-ing.hr\/dok-ing-about-us\/about-us\/"},"modified":"2024-03-25T14:12:31","modified_gmt":"2024-03-25T13:12:31","slug":"unternehmen","status":"publish","type":"page","link":"https:\/\/dok-ing.hr\/de\/dok-ing-about-us\/unternehmen\/","title":{"rendered":"Unternehmen"},"content":{"rendered":"<section class=\"wpb-content-wrapper\"><p>[vc_row css_animation=&#8220;&#8220; row_type=&#8220;row&#8220; use_row_as_full_screen_section=&#8220;no&#8220; type=&#8220;full_width&#8220; angled_section=&#8220;no&#8220; text_align=&#8220;left&#8220; background_image_as_pattern=&#8220;without_pattern&#8220; z_index=&#8220;&#8220; anchor=&#8220;top&#8220;][vc_column][vc_row_inner row_type=&#8220;row&#8220; type=&#8220;grid&#8220; text_align=&#8220;left&#8220; css_animation=&#8220;&#8220; css=&#8220;.vc_custom_1602145346798{background-image: url(http:\/\/dok-ing.hr\/wp-content\/uploads\/2020\/10\/dok-ing-company-about.jpg?id=2937) !important;}&#8220; el_class=&#8220;di-about-middle&#8220;][vc_column_inner][vc_column_text css=&#8220;.vc_custom_1710770346450{padding-top: 40px !important;padding-bottom: 40px !important;background-position: center !important;background-repeat: no-repeat !important;background-size: cover !important;}&#8220; el_class=&#8220;di-product-main-title&#8220;]<\/p>\n<h1><\/h1>\n<h1><\/h1>\n<h1 style=\"text-transform: uppercase; text-align: center;\">F\u00dcHREND IN DER ENTWICKLUNG UND ANWENDUNG VON ROBOTERL\u00d6SUNGEN F\u00dcR GEF\u00c4HRLICHE UND GESUNDHEITSGEF\u00c4HRDENDE UMWELTBEDINGUNGEN<\/h1>\n<p>[\/vc_column_text][\/vc_column_inner][\/vc_row_inner][\/vc_column][\/vc_row][vc_row css_animation=&#8220;&#8220; row_type=&#8220;row&#8220; use_row_as_full_screen_section=&#8220;no&#8220; type=&#8220;full_width&#8220; angled_section=&#8220;no&#8220; text_align=&#8220;left&#8220; background_image_as_pattern=&#8220;without_pattern&#8220;][vc_column offset=&#8220;vc_hidden-md vc_hidden-sm vc_hidden-xs&#8220;][vc_empty_space height=&#8220;60px&#8220;][\/vc_column][\/vc_row][vc_row css_animation=&#8220;&#8220; row_type=&#8220;row&#8220; use_row_as_full_screen_section=&#8220;no&#8220; type=&#8220;grid&#8220; angled_section=&#8220;no&#8220; text_align=&#8220;left&#8220; background_image_as_pattern=&#8220;without_pattern&#8220; z_index=&#8220;&#8220;][vc_column][vc_empty_space height=&#8220;40px&#8220;][vc_column_text]<\/p>\n<h2>ABOUT US<\/h2>\n<p>[\/vc_column_text][vc_row_inner row_type=&#8220;row&#8220; type=&#8220;full_width&#8220; text_align=&#8220;left&#8220; css_animation=&#8220;&#8220;][vc_column_inner width=&#8220;2\/3&#8243;][vc_empty_space height=&#8220;20px&#8220;][vc_column_text]<span style=\"font-weight: 400;\">DON&#8217;T SEND A MAN TO DO A MACHINE&#8217;S JOB!<\/span><\/p>\n<p>&nbsp;<\/p>\n<p>DOK-ING ist ein f\u00fchrendes Unternehmen im Bereich der Schwerlastrobotik und der autonomen Systeme. Das Unternehmen ist internationaler Marktf\u00fchrer und hat einen Marktanteil von mehr als 80 % in mehr als 40 L\u00e4ndern weltweit. Der Hauptsitz befindet sich in der kroatischen Hauptstadt Zagreb, und neben dem europ\u00e4ischen B\u00fcro ist DOK-ING auf den folgenden Kontinenten vertreten: Nordamerika, Afrika und Asien. In den mehr als 30 Jahren seines Bestehens hat das Unternehmen mit seinem innovativen Ansatz die Industrielandschaft ver\u00e4ndert und zahlreiche internationale Preise f\u00fcr Innovationen und Technologien gewonnen.<\/p>\n<p>&nbsp;<\/p>\n<p>Kurz gesagt: Durch die Integration eigener Innovationen und neuer Technologien entwickelt und produziert das Unternehmen robotergest\u00fctzte und autonome Systeme zum Schutz von Menschenleben und Eigentum in dunklen, schmutzigen und gef\u00e4hrlichen Umgebungen, die den Einsatzkr\u00e4ften vertraut sind, insbesondere in den Bereichen Milit\u00e4rtechnik, CBRNe, Katastrophenschutz und Untertagebau.[\/vc_column_text][\/vc_column_inner][vc_column_inner width=&#8220;1\/3&#8243;][vc_empty_space height=&#8220;20px&#8220;][vc_column_text]<a href=\"http:\/\/dok-ing.hr\/contacts\/\"><span style=\"font-weight: 400;\">ZENTRALE<\/span><\/a><br \/>\nZagreb, Kroatien (Europa)<\/p>\n<p>&nbsp;<\/p>\n<p><a href=\"http:\/\/dok-ing.hr\/contacts\/\"><span style=\"font-weight: 400;\">TOCHTERGESELLSCHAFTI<\/span><\/a><br \/>\nSlunj, Kroatien (Europa)<\/p>\n<p>&nbsp;<\/p>\n<p><a href=\"http:\/\/dok-ing.hr\/contacts\/\"><span style=\"font-weight: 400;\">NIEDERLASSUNGEN<\/span><\/a><br \/>\nVereinigte Staaten von Amerika \u2013 USA<br \/>\nRepublik S\u00fcdafrika<br \/>\nRepublik S\u00fcdkorea<br \/>\nVolksrepublik China[\/vc_column_text][\/vc_column_inner][\/vc_row_inner][vc_empty_space height=&#8220;40px&#8220;][\/vc_column][\/vc_row][vc_row css_animation=&#8220;&#8220; row_type=&#8220;row&#8220; use_row_as_full_screen_section=&#8220;no&#8220; type=&#8220;grid&#8220; angled_section=&#8220;no&#8220; text_align=&#8220;left&#8220; background_image_as_pattern=&#8220;without_pattern&#8220; z_index=&#8220;&#8220;][vc_column][vc_empty_space height=&#8220;60px&#8220;][vc_column_text]<\/p>\n<h2>Organisationstruktur von DOK-ING<\/h2>\n<p>[\/vc_column_text][vc_single_image image=&#8220;2922&#8243; img_size=&#8220;full&#8220; qode_css_animation=&#8220;&#8220;][\/vc_column][\/vc_row][vc_row css_animation=&#8220;&#8220; row_type=&#8220;row&#8220; use_row_as_full_screen_section=&#8220;no&#8220; type=&#8220;grid&#8220; angled_section=&#8220;no&#8220; text_align=&#8220;left&#8220; background_image_as_pattern=&#8220;without_pattern&#8220; z_index=&#8220;&#8220;][vc_column][vc_empty_space height=&#8220;80px&#8220;][\/vc_column][\/vc_row][vc_row css_animation=&#8220;&#8220; row_type=&#8220;row&#8220; use_row_as_full_screen_section=&#8220;no&#8220; type=&#8220;full_width&#8220; angled_section=&#8220;no&#8220; text_align=&#8220;left&#8220; background_image_as_pattern=&#8220;without_pattern&#8220;][vc_column][vc_single_image image=&#8220;667&#8243; img_size=&#8220;full&#8220; alignment=&#8220;center&#8220; qode_css_animation=&#8220;&#8220;][\/vc_column][\/vc_row]<\/p>\n<\/section>","protected":false},"excerpt":{"rendered":"<p>[vc_row css_animation=&#8220;&#8220; row_type=&#8220;row&#8220; use_row_as_full_screen_section=&#8220;no&#8220; type=&#8220;full_width&#8220; angled_section=&#8220;no&#8220; text_align=&#8220;left&#8220; background_image_as_pattern=&#8220;without_pattern&#8220; z_index=&#8220;&#8220; anchor=&#8220;top&#8220;][vc_column][vc_row_inner row_type=&#8220;row&#8220; type=&#8220;grid&#8220; text_align=&#8220;left&#8220; css_animation=&#8220;&#8220; css=&#8220;.vc_custom_1602145346798{background-image: url(http:\/\/dok-ing.hr\/wp-content\/uploads\/2020\/10\/dok-ing-company-about.jpg?id=2937) !important;}&#8220; el_class=&#8220;di-about-middle&#8220;][vc_column_inner][vc_column_text css=&#8220;.vc_custom_1710770346450{padding-top: 40px !important;padding-bottom: 40px !important;background-position: center !important;background-repeat: no-repeat !important;background-size: cover !important;}&#8220; el_class=&#8220;di-product-main-title&#8220;]<\/p>\n<p>F\u00dcHREND IN DER ENTWICKLUNG UND ANWENDUNG VON ROBOTERL\u00d6SUNGEN F\u00dcR GEF\u00c4HRLICHE UND GESUNDHEITSGEF\u00c4HRDENDE UMWELTBEDINGUNGEN<br \/>\n[\/vc_column_text][\/vc_column_inner][\/vc_row_inner][\/vc_column][\/vc_row][vc_row css_animation=&#8220;&#8220; row_type=&#8220;row&#8220; use_row_as_full_screen_section=&#8220;no&#8220; type=&#8220;full_width&#8220; angled_section=&#8220;no&#8220; text_align=&#8220;left&#8220; background_image_as_pattern=&#8220;without_pattern&#8220;][vc_column offset=&#8220;vc_hidden-md vc_hidden-sm vc_hidden-xs&#8220;][vc_empty_space height=&#8220;60px&#8220;][\/vc_column][\/vc_row][vc_row css_animation=&#8220;&#8220; row_type=&#8220;row&#8220; use_row_as_full_screen_section=&#8220;no&#8220; type=&#8220;grid&#8220; angled_section=&#8220;no&#8220; text_align=&#8220;left&#8220; background_image_as_pattern=&#8220;without_pattern&#8220; z_index=&#8220;&#8220;][vc_column][vc_empty_space height=&#8220;40px&#8220;][vc_column_text]<br \/>\nABOUT US<br \/>\n[\/vc_column_text][vc_row_inner row_type=&#8220;row&#8220; type=&#8220;full_width&#8220; text_align=&#8220;left&#8220; css_animation=&#8220;&#8220;][vc_column_inner width=&#8220;2\/3&#8243;][vc_empty_space height=&#8220;20px&#8220;][vc_column_text]DON&#8217;T SEND A MAN TO DO A MACHINE&#8217;S JOB!<br \/>\n&nbsp;<br \/>\nDOK-ING ist ein f\u00fchrendes Unternehmen im Bereich der Schwerlastrobotik und der autonomen Systeme. Das Unternehmen ist internationaler Marktf\u00fchrer und hat einen Marktanteil von mehr als 80 % in mehr als 40 L\u00e4ndern weltweit. Der Hauptsitz befindet sich in der kroatischen Hauptstadt Zagreb, und neben dem europ\u00e4ischen B\u00fcro ist DOK-ING auf den folgenden Kontinenten vertreten: Nordamerika, Afrika und Asien. In den mehr als 30 Jahren seines Bestehens hat das Unternehmen mit seinem innovativen Ansatz die Industrielandschaft ver\u00e4ndert und zahlreiche internationale Preise f\u00fcr Innovationen und Technologien gewonnen.<br \/>\n&nbsp;<br \/>\nKurz gesagt: Durch die Integration eigener Innovationen und neuer Technologien entwickelt und produziert das Unternehmen robotergest\u00fctzte und autonome Systeme zum Schutz von Menschenleben und Eigentum in dunklen, schmutzigen und gef\u00e4hrlichen Umgebungen, die den Einsatzkr\u00e4ften vertraut sind, insbesondere in den Bereichen Milit\u00e4rtechnik, CBRNe, Katastrophenschutz und Untertagebau.[\/vc_column_text][\/vc_column_inner][vc_column_inner width=&#8220;1\/3&#8243;][vc_empty_space height=&#8220;20px&#8220;][vc_column_text]ZENTRALE<br \/>\nZagreb, Kroatien (Europa)<br \/>\n&nbsp;<br \/>\nTOCHTERGESELLSCHAFTI<br \/>\nSlunj, Kroatien (Europa)<br \/>\n&nbsp;<br \/>\nNIEDERLASSUNGEN<br \/>\nVereinigte Staaten von Amerika \u2013 USA<br \/>\nRepublik S\u00fcdafrika<br \/>\nRepublik S\u00fcdkorea<br \/>\nVolksrepublik China[\/vc_column_text][\/vc_column_inner][\/vc_row_inner][vc_empty_space height=&#8220;40px&#8220;][\/vc_column][\/vc_row][vc_row css_animation=&#8220;&#8220; row_type=&#8220;row&#8220; use_row_as_full_screen_section=&#8220;no&#8220; type=&#8220;grid&#8220; angled_section=&#8220;no&#8220; text_align=&#8220;left&#8220; background_image_as_pattern=&#8220;without_pattern&#8220; z_index=&#8220;&#8220;][vc_column][vc_empty_space height=&#8220;60px&#8220;][vc_column_text]<br \/>\nOrganisationstruktur von DOK-ING<br \/>\n[\/vc_column_text][vc_single_image image=&#8220;2922&#8243; img_size=&#8220;full&#8220; qode_css_animation=&#8220;&#8220;][\/vc_column][\/vc_row][vc_row css_animation=&#8220;&#8220; row_type=&#8220;row&#8220; use_row_as_full_screen_section=&#8220;no&#8220; type=&#8220;grid&#8220; angled_section=&#8220;no&#8220; text_align=&#8220;left&#8220; background_image_as_pattern=&#8220;without_pattern&#8220; z_index=&#8220;&#8220;][vc_column][vc_empty_space height=&#8220;80px&#8220;][\/vc_column][\/vc_row][vc_row css_animation=&#8220;&#8220; row_type=&#8220;row&#8220; use_row_as_full_screen_section=&#8220;no&#8220; type=&#8220;full_width&#8220; angled_section=&#8220;no&#8220; text_align=&#8220;left&#8220; background_image_as_pattern=&#8220;without_pattern&#8220;][vc_column][vc_single_image image=&#8220;667&#8243; img_size=&#8220;full&#8220; alignment=&#8220;center&#8220; qode_css_animation=&#8220;&#8220;][\/vc_column][\/vc_row]<\/p>\n","protected":false},"author":1,"featured_media":7833,"parent":9552,"menu_order":0,"comment_status":"closed","ping_status":"closed","template":"full_width.php","meta":[],"yoast_head":"<!-- This site is optimized with the Yoast SEO plugin v19.11 - https:\/\/yoast.com\/wordpress\/plugins\/seo\/ -->\n<title>Unternehmen - DOK-ING<\/title>\n<meta name=\"description\" content=\"DOK-ING is an engineering powerhouse of robotic and autonomous systems for Military Engineering, CBRNE, Emergency Response &amp; Underground Mining. The company\u2019s mission is to protect human lives &amp; property in dangerous environments. It owns 80% of the market share in 40+ countries. DOK-ING is an engineering powerhouse of heavy-duty robotics &amp; 80% of the market share in more than 40 countries globally. Besides the Zagreb office, DOK-ING is incorporated on the following continents: North America, Europe, Africa &amp; Asia. In more than 30 years of being in the business, the company has been recognized for changing the industrial landscape with its innovative approach and won many international &quot;doing business and industrial&quot; awards in innovations and technologies. In a few words, by integrating its own innovations and new technologies, develops and manufactures robotic and autonomous systems to protect human lives &amp; property in dull dirty and dangerous environments, known to responders, primarily in Military Engineering, CBRNE, Emergency Response &amp; Underground Mining.\" \/>\n<meta name=\"robots\" content=\"index, follow, max-snippet:-1, max-image-preview:large, max-video-preview:-1\" \/>\n<link rel=\"canonical\" href=\"https:\/\/dok-ing.hr\/de\/dok-ing-about-us\/unternehmen\/\" \/>\n<meta property=\"og:locale\" content=\"de_DE\" \/>\n<meta property=\"og:type\" content=\"article\" \/>\n<meta property=\"og:title\" content=\"Unternehmen - DOK-ING\" \/>\n<meta property=\"og:description\" content=\"DOK-ING is an engineering powerhouse of robotic and autonomous systems for Military Engineering, CBRNE, Emergency Response &amp; Underground Mining. The company\u2019s mission is to protect human lives &amp; property in dangerous environments. It owns 80% of the market share in 40+ countries. DOK-ING is an engineering powerhouse of heavy-duty robotics &amp; 80% of the market share in more than 40 countries globally. Besides the Zagreb office, DOK-ING is incorporated on the following continents: North America, Europe, Africa &amp; Asia. In more than 30 years of being in the business, the company has been recognized for changing the industrial landscape with its innovative approach and won many international &quot;doing business and industrial&quot; awards in innovations and technologies. In a few words, by integrating its own innovations and new technologies, develops and manufactures robotic and autonomous systems to protect human lives &amp; property in dull dirty and dangerous environments, known to responders, primarily in Military Engineering, CBRNE, Emergency Response &amp; Underground Mining.\" \/>\n<meta property=\"og:url\" content=\"https:\/\/dok-ing.hr\/de\/dok-ing-about-us\/unternehmen\/\" \/>\n<meta property=\"og:site_name\" content=\"DOK-ING\" \/>\n<meta property=\"article:publisher\" content=\"https:\/\/www.facebook.com\/doking.ltd\/\" \/>\n<meta property=\"article:modified_time\" content=\"2024-03-25T13:12:31+00:00\" \/>\n<meta property=\"og:image\" content=\"https:\/\/dok-ing.hr\/wp-content\/uploads\/2022\/03\/nre-support-05.jpg\" \/>\n\t<meta property=\"og:image:width\" content=\"1600\" \/>\n\t<meta property=\"og:image:height\" content=\"1200\" \/>\n\t<meta property=\"og:image:type\" content=\"image\/jpeg\" \/>\n<meta name=\"twitter:card\" content=\"summary_large_image\" \/>\n<meta name=\"twitter:label1\" content=\"Gesch\u00e4tzte Lesezeit\" \/>\n\t<meta name=\"twitter:data1\" content=\"2\u00a0Minuten\" \/>\n<script type=\"application\/ld+json\" class=\"yoast-schema-graph\">{\"@context\":\"https:\/\/schema.org\",\"@graph\":[{\"@type\":\"WebPage\",\"@id\":\"https:\/\/dok-ing.hr\/de\/dok-ing-about-us\/unternehmen\/\",\"url\":\"https:\/\/dok-ing.hr\/de\/dok-ing-about-us\/unternehmen\/\",\"name\":\"Unternehmen - DOK-ING\",\"isPartOf\":{\"@id\":\"https:\/\/dok-ing.hr\/de\/#website\"},\"datePublished\":\"2020-03-24T11:35:01+00:00\",\"dateModified\":\"2024-03-25T13:12:31+00:00\",\"description\":\"DOK-ING is an engineering powerhouse of robotic and autonomous systems for Military Engineering, CBRNE, Emergency Response & Underground Mining. The company\u2019s mission is to protect human lives & property in dangerous environments. It owns 80% of the market share in 40+ countries. DOK-ING is an engineering powerhouse of heavy-duty robotics & 80% of the market share in more than 40 countries globally. Besides the Zagreb office, DOK-ING is incorporated on the following continents: North America, Europe, Africa & Asia. In more than 30 years of being in the business, the company has been recognized for changing the industrial landscape with its innovative approach and won many international \\\"doing business and industrial\\\" awards in innovations and technologies. In a few words, by integrating its own innovations and new technologies, develops and manufactures robotic and autonomous systems to protect human lives & property in dull dirty and dangerous environments, known to responders, primarily in Military Engineering, CBRNE, Emergency Response & Underground Mining.\",\"breadcrumb\":{\"@id\":\"https:\/\/dok-ing.hr\/de\/dok-ing-about-us\/unternehmen\/#breadcrumb\"},\"inLanguage\":\"de\",\"potentialAction\":[{\"@type\":\"ReadAction\",\"target\":[\"https:\/\/dok-ing.hr\/de\/dok-ing-about-us\/unternehmen\/\"]}]},{\"@type\":\"BreadcrumbList\",\"@id\":\"https:\/\/dok-ing.hr\/de\/dok-ing-about-us\/unternehmen\/#breadcrumb\",\"itemListElement\":[{\"@type\":\"ListItem\",\"position\":1,\"name\":\"Home\",\"item\":\"https:\/\/dok-ing.hr\/de\/\"},{\"@type\":\"ListItem\",\"position\":2,\"name\":\"Unternehmen\",\"item\":\"https:\/\/dok-ing.hr\/de\/\"},{\"@type\":\"ListItem\",\"position\":3,\"name\":\"Unternehmen\"}]},{\"@type\":\"WebSite\",\"@id\":\"https:\/\/dok-ing.hr\/de\/#website\",\"url\":\"https:\/\/dok-ing.hr\/de\/\",\"name\":\"DOK-ING\",\"description\":\"Don&#039;t send a man to do a machine&#039;s job\",\"publisher\":{\"@id\":\"https:\/\/dok-ing.hr\/de\/#organization\"},\"potentialAction\":[{\"@type\":\"SearchAction\",\"target\":{\"@type\":\"EntryPoint\",\"urlTemplate\":\"https:\/\/dok-ing.hr\/de\/?s={search_term_string}\"},\"query-input\":\"required name=search_term_string\"}],\"inLanguage\":\"de\"},{\"@type\":\"Organization\",\"@id\":\"https:\/\/dok-ing.hr\/de\/#organization\",\"name\":\"DOK-ING Ltd.\",\"url\":\"https:\/\/dok-ing.hr\/de\/\",\"logo\":{\"@type\":\"ImageObject\",\"inLanguage\":\"de\",\"@id\":\"https:\/\/dok-ing.hr\/de\/#\/schema\/logo\/image\/\",\"url\":\"https:\/\/dok-ing.hr\/wp-content\/uploads\/2020\/11\/favicon.png\",\"contentUrl\":\"https:\/\/dok-ing.hr\/wp-content\/uploads\/2020\/11\/favicon.png\",\"width\":512,\"height\":512,\"caption\":\"DOK-ING Ltd.\"},\"image\":{\"@id\":\"https:\/\/dok-ing.hr\/de\/#\/schema\/logo\/image\/\"},\"sameAs\":[\"https:\/\/www.instagram.com\/dok__ing\/\",\"https:\/\/www.linkedin.com\/company\/dok-ing\",\"https:\/\/www.youtube.com\/user\/DOKINGltd\",\"https:\/\/www.facebook.com\/doking.ltd\/\"]}]}<\/script>\n<!-- \/ Yoast SEO plugin. -->","yoast_head_json":{"title":"Unternehmen - DOK-ING","description":"DOK-ING is an engineering powerhouse of robotic and autonomous systems for Military Engineering, CBRNE, Emergency Response & Underground Mining. The company\u2019s mission is to protect human lives & property in dangerous environments. It owns 80% of the market share in 40+ countries. DOK-ING is an engineering powerhouse of heavy-duty robotics & 80% of the market share in more than 40 countries globally. Besides the Zagreb office, DOK-ING is incorporated on the following continents: North America, Europe, Africa & Asia. In more than 30 years of being in the business, the company has been recognized for changing the industrial landscape with its innovative approach and won many international \"doing business and industrial\" awards in innovations and technologies. In a few words, by integrating its own innovations and new technologies, develops and manufactures robotic and autonomous systems to protect human lives & property in dull dirty and dangerous environments, known to responders, primarily in Military Engineering, CBRNE, Emergency Response & Underground Mining.","robots":{"index":"index","follow":"follow","max-snippet":"max-snippet:-1","max-image-preview":"max-image-preview:large","max-video-preview":"max-video-preview:-1"},"canonical":"https:\/\/dok-ing.hr\/de\/dok-ing-about-us\/unternehmen\/","og_locale":"de_DE","og_type":"article","og_title":"Unternehmen - DOK-ING","og_description":"DOK-ING is an engineering powerhouse of robotic and autonomous systems for Military Engineering, CBRNE, Emergency Response & Underground Mining. The company\u2019s mission is to protect human lives & property in dangerous environments. It owns 80% of the market share in 40+ countries. DOK-ING is an engineering powerhouse of heavy-duty robotics & 80% of the market share in more than 40 countries globally. Besides the Zagreb office, DOK-ING is incorporated on the following continents: North America, Europe, Africa & Asia. In more than 30 years of being in the business, the company has been recognized for changing the industrial landscape with its innovative approach and won many international \"doing business and industrial\" awards in innovations and technologies. In a few words, by integrating its own innovations and new technologies, develops and manufactures robotic and autonomous systems to protect human lives & property in dull dirty and dangerous environments, known to responders, primarily in Military Engineering, CBRNE, Emergency Response & Underground Mining.","og_url":"https:\/\/dok-ing.hr\/de\/dok-ing-about-us\/unternehmen\/","og_site_name":"DOK-ING","article_publisher":"https:\/\/www.facebook.com\/doking.ltd\/","article_modified_time":"2024-03-25T13:12:31+00:00","og_image":[{"width":1600,"height":1200,"url":"https:\/\/dok-ing.hr\/wp-content\/uploads\/2022\/03\/nre-support-05.jpg","type":"image\/jpeg"}],"twitter_card":"summary_large_image","twitter_misc":{"Gesch\u00e4tzte Lesezeit":"2\u00a0Minuten"},"schema":{"@context":"https:\/\/schema.org","@graph":[{"@type":"WebPage","@id":"https:\/\/dok-ing.hr\/de\/dok-ing-about-us\/unternehmen\/","url":"https:\/\/dok-ing.hr\/de\/dok-ing-about-us\/unternehmen\/","name":"Unternehmen - DOK-ING","isPartOf":{"@id":"https:\/\/dok-ing.hr\/de\/#website"},"datePublished":"2020-03-24T11:35:01+00:00","dateModified":"2024-03-25T13:12:31+00:00","description":"DOK-ING is an engineering powerhouse of robotic and autonomous systems for Military Engineering, CBRNE, Emergency Response & Underground Mining. The company\u2019s mission is to protect human lives & property in dangerous environments. It owns 80% of the market share in 40+ countries. DOK-ING is an engineering powerhouse of heavy-duty robotics & 80% of the market share in more than 40 countries globally. Besides the Zagreb office, DOK-ING is incorporated on the following continents: North America, Europe, Africa & Asia. In more than 30 years of being in the business, the company has been recognized for changing the industrial landscape with its innovative approach and won many international \"doing business and industrial\" awards in innovations and technologies. In a few words, by integrating its own innovations and new technologies, develops and manufactures robotic and autonomous systems to protect human lives & property in dull dirty and dangerous environments, known to responders, primarily in Military Engineering, CBRNE, Emergency Response & Underground Mining.","breadcrumb":{"@id":"https:\/\/dok-ing.hr\/de\/dok-ing-about-us\/unternehmen\/#breadcrumb"},"inLanguage":"de","potentialAction":[{"@type":"ReadAction","target":["https:\/\/dok-ing.hr\/de\/dok-ing-about-us\/unternehmen\/"]}]},{"@type":"BreadcrumbList","@id":"https:\/\/dok-ing.hr\/de\/dok-ing-about-us\/unternehmen\/#breadcrumb","itemListElement":[{"@type":"ListItem","position":1,"name":"Home","item":"https:\/\/dok-ing.hr\/de\/"},{"@type":"ListItem","position":2,"name":"Unternehmen","item":"https:\/\/dok-ing.hr\/de\/"},{"@type":"ListItem","position":3,"name":"Unternehmen"}]},{"@type":"WebSite","@id":"https:\/\/dok-ing.hr\/de\/#website","url":"https:\/\/dok-ing.hr\/de\/","name":"DOK-ING","description":"Don&#039;t send a man to do a machine&#039;s job","publisher":{"@id":"https:\/\/dok-ing.hr\/de\/#organization"},"potentialAction":[{"@type":"SearchAction","target":{"@type":"EntryPoint","urlTemplate":"https:\/\/dok-ing.hr\/de\/?s={search_term_string}"},"query-input":"required name=search_term_string"}],"inLanguage":"de"},{"@type":"Organization","@id":"https:\/\/dok-ing.hr\/de\/#organization","name":"DOK-ING Ltd.","url":"https:\/\/dok-ing.hr\/de\/","logo":{"@type":"ImageObject","inLanguage":"de","@id":"https:\/\/dok-ing.hr\/de\/#\/schema\/logo\/image\/","url":"https:\/\/dok-ing.hr\/wp-content\/uploads\/2020\/11\/favicon.png","contentUrl":"https:\/\/dok-ing.hr\/wp-content\/uploads\/2020\/11\/favicon.png","width":512,"height":512,"caption":"DOK-ING Ltd."},"image":{"@id":"https:\/\/dok-ing.hr\/de\/#\/schema\/logo\/image\/"},"sameAs":["https:\/\/www.instagram.com\/dok__ing\/","https:\/\/www.linkedin.com\/company\/dok-ing","https:\/\/www.youtube.com\/user\/DOKINGltd","https:\/\/www.facebook.com\/doking.ltd\/"]}]}},"_links":{"self":[{"href":"https:\/\/dok-ing.hr\/de\/wp-json\/wp\/v2\/pages\/9553"}],"collection":[{"href":"https:\/\/dok-ing.hr\/de\/wp-json\/wp\/v2\/pages"}],"about":[{"href":"https:\/\/dok-ing.hr\/de\/wp-json\/wp\/v2\/types\/page"}],"author":[{"embeddable":true,"href":"https:\/\/dok-ing.hr\/de\/wp-json\/wp\/v2\/users\/1"}],"replies":[{"embeddable":true,"href":"https:\/\/dok-ing.hr\/de\/wp-json\/wp\/v2\/comments?post=9553"}],"version-history":[{"count":4,"href":"https:\/\/dok-ing.hr\/de\/wp-json\/wp\/v2\/pages\/9553\/revisions"}],"predecessor-version":[{"id":9924,"href":"https:\/\/dok-ing.hr\/de\/wp-json\/wp\/v2\/pages\/9553\/revisions\/9924"}],"up":[{"embeddable":true,"href":"https:\/\/dok-ing.hr\/de\/wp-json\/wp\/v2\/pages\/9552"}],"wp:featuredmedia":[{"embeddable":true,"href":"https:\/\/dok-ing.hr\/de\/wp-json\/wp\/v2\/media\/7833"}],"wp:attachment":[{"href":"https:\/\/dok-ing.hr\/de\/wp-json\/wp\/v2\/media?parent=9553"}],"curies":[{"name":"wp","href":"https:\/\/api.w.org\/{rel}","templated":true}]}}