{"id":9562,"date":"2020-07-08T11:42:28","date_gmt":"2020-07-08T09:42:28","guid":{"rendered":"https:\/\/dok-ing.hr\/dok-ing-about-us\/legal-info\/"},"modified":"2024-03-18T15:28:13","modified_gmt":"2024-03-18T14:28:13","slug":"legal-info","status":"publish","type":"page","link":"https:\/\/dok-ing.hr\/de\/dok-ing-about-us\/legal-info\/","title":{"rendered":"Impressum"},"content":{"rendered":"<section class=\"wpb-content-wrapper\"><p>[vc_row css_animation=&#8220;&#8220; row_type=&#8220;row&#8220; use_row_as_full_screen_section=&#8220;no&#8220; type=&#8220;grid&#8220; angled_section=&#8220;no&#8220; text_align=&#8220;left&#8220; background_image_as_pattern=&#8220;without_pattern&#8220; z_index=&#8220;&#8220;][vc_column][vc_column_text css=&#8220;.vc_custom_1710771750471{padding-bottom: 10px !important;}&#8220;]<\/p>\n<h2>IMPRESSUM<\/h2>\n<p>[\/vc_column_text][\/vc_column][\/vc_row][vc_row css_animation=&#8220;&#8220; row_type=&#8220;row&#8220; use_row_as_full_screen_section=&#8220;no&#8220; type=&#8220;grid&#8220; angled_section=&#8220;no&#8220; text_align=&#8220;left&#8220; background_image_as_pattern=&#8220;without_pattern&#8220; z_index=&#8220;&#8220;][vc_column][vc_empty_space height=&#8220;40px&#8220;][vc_row_inner row_type=&#8220;row&#8220; type=&#8220;full_width&#8220; text_align=&#8220;left&#8220; css_animation=&#8220;&#8220;][vc_column_inner width=&#8220;1\/3&#8243;][vc_column_text]<strong>Name des Unternehmens:<\/strong> DOK-ING d.o.o.<br \/>\n<strong>Sitz der Gesellschaft:<\/strong> Slavonska avenija 22 G, 10000 Zagreb, Kroatien<br \/>\n<strong>Registernummer und Sitz vom Registergericht:<\/strong> 080200137, das Unternehmen ist beim Handelsgericht in Zagreb eingetragen.<br \/>\n<strong>Pers\u00f6nliche Identifikationsnummer der Steuerverwaltung des kroatischen Finanzministeriums:<\/strong> 39982657045<br \/>\n<strong>Umsatzsteuer-Identifikationsnummer (USt-IdNr.:):<\/strong> HR39982657045<br \/>\n<strong>Stammkapital:<\/strong> 12.297.430,00 EUR in voller H\u00f6he eingezahlt<br \/>\n<strong>Vorsitzender der Gesch\u00e4ftsf\u00fchrung:<\/strong><br \/>\nMarijo Grgurinovi\u0107<br \/>\n<strong>Mitglieder der Gesch\u00e4ftsf\u00fchrung:<br \/>\n<\/strong>Gordan Pe\u0161i\u0107, Ante Baki\u0107<br \/>\n<strong>Vorsitzender des Aufsichtsrates:<\/strong><br \/>\nVjekoslav Majeti\u0107[\/vc_column_text][\/vc_column_inner][vc_column_inner width=&#8220;1\/3&#8243;][vc_column_text][\/vc_column_text][\/vc_column_inner][vc_column_inner width=&#8220;1\/3&#8243;][vc_column_text]<iframe loading=\"lazy\" style=\"border: 0;\" tabindex=\"0\" src=\"https:\/\/www.google.com\/maps\/embed?pb=!1m18!1m12!1m3!1d22261.043931793534!2d15.989422254666048!3d45.77859506276819!2m3!1f0!2f0!3f0!3m2!1i1024!2i768!4f13.1!3m3!1m2!1s0x47667ef06fa71d2f%3A0xaa5f89525f1eedac!2sDok-Ing!5e0!3m2!1sen!2shr!4v1590396799715!5m2!1sen!2shr\" width=\"100%\" height=\"320\" frameborder=\"0\" allowfullscreen=\"allowfullscreen\" aria-hidden=\"false\"><\/iframe>[\/vc_column_text][vc_empty_space height=&#8220;10px&#8220;][vc_column_text]<a href=\"#\" target=\"_blank\" rel=\"noopener noreferrer\"><strong>View larger map<\/strong><\/a>[\/vc_column_text][\/vc_column_inner][\/vc_row_inner][vc_empty_space height=&#8220;30px&#8220; css=&#8220;.vc_custom_1590396734990{border-bottom-width: 1px !important;border-bottom-color: #dd3333 !important;border-bottom-style: solid !important;}&#8220;][vc_empty_space height=&#8220;50px&#8220;][\/vc_column][\/vc_row]<\/p>\n<\/section>","protected":false},"excerpt":{"rendered":"<p>[vc_row css_animation=&#8220;&#8220; row_type=&#8220;row&#8220; use_row_as_full_screen_section=&#8220;no&#8220; type=&#8220;grid&#8220; angled_section=&#8220;no&#8220; text_align=&#8220;left&#8220; background_image_as_pattern=&#8220;without_pattern&#8220; z_index=&#8220;&#8220;][vc_column][vc_column_text css=&#8220;.vc_custom_1710771750471{padding-bottom: 10px !important;}&#8220;]<br \/>\nIMPRESSUM<br \/>\n[\/vc_column_text][\/vc_column][\/vc_row][vc_row css_animation=&#8220;&#8220; row_type=&#8220;row&#8220; use_row_as_full_screen_section=&#8220;no&#8220; type=&#8220;grid&#8220; angled_section=&#8220;no&#8220; text_align=&#8220;left&#8220; background_image_as_pattern=&#8220;without_pattern&#8220; z_index=&#8220;&#8220;][vc_column][vc_empty_space height=&#8220;40px&#8220;][vc_row_inner row_type=&#8220;row&#8220; type=&#8220;full_width&#8220; text_align=&#8220;left&#8220; css_animation=&#8220;&#8220;][vc_column_inner width=&#8220;1\/3&#8243;][vc_column_text]Name des Unternehmens: DOK-ING d.o.o.<br \/>\nSitz der Gesellschaft: Slavonska avenija 22 G, 10000 Zagreb, Kroatien<br \/>\nRegisternummer und Sitz vom Registergericht: 080200137, das Unternehmen ist beim Handelsgericht in Zagreb eingetragen.<br \/>\nPers\u00f6nliche Identifikationsnummer der Steuerverwaltung des kroatischen Finanzministeriums: 39982657045<br \/>\nUmsatzsteuer-Identifikationsnummer (USt-IdNr.:): HR39982657045<br \/>\nStammkapital: 12.297.430,00 EUR in voller H\u00f6he eingezahlt<br \/>\nVorsitzender der Gesch\u00e4ftsf\u00fchrung:<br \/>\nMarijo Grgurinovi\u0107<br \/>\nMitglieder der Gesch\u00e4ftsf\u00fchrung:<br \/>\nGordan Pe\u0161i\u0107, Ante Baki\u0107<br \/>\nVorsitzender des Aufsichtsrates:<br \/>\nVjekoslav Majeti\u0107[\/vc_column_text][\/vc_column_inner][vc_column_inner width=&#8220;1\/3&#8243;][vc_column_text][\/vc_column_text][\/vc_column_inner][vc_column_inner width=&#8220;1\/3&#8243;][vc_column_text][\/vc_column_text][vc_empty_space height=&#8220;10px&#8220;][vc_column_text]View larger map[\/vc_column_text][\/vc_column_inner][\/vc_row_inner][vc_empty_space height=&#8220;30px&#8220; css=&#8220;.vc_custom_1590396734990{border-bottom-width: 1px !important;border-bottom-color: #dd3333 !important;border-bottom-style: solid !important;}&#8220;][vc_empty_space height=&#8220;50px&#8220;][\/vc_column][\/vc_row]<\/p>\n","protected":false},"author":1,"featured_media":0,"parent":9552,"menu_order":0,"comment_status":"closed","ping_status":"closed","template":"full_width.php","meta":[],"yoast_head":"<!-- This site is optimized with the Yoast SEO plugin v19.11 - https:\/\/yoast.com\/wordpress\/plugins\/seo\/ -->\n<title>Impressum - DOK-ING<\/title>\n<meta name=\"robots\" content=\"index, follow, max-snippet:-1, max-image-preview:large, max-video-preview:-1\" \/>\n<link rel=\"canonical\" href=\"https:\/\/dok-ing.hr\/de\/dok-ing-about-us\/legal-info\/\" \/>\n<meta property=\"og:locale\" content=\"de_DE\" \/>\n<meta property=\"og:type\" content=\"article\" \/>\n<meta property=\"og:title\" content=\"Impressum - DOK-ING\" \/>\n<meta property=\"og:description\" content=\"[vc_row css_animation=&#8220;&#8220; row_type=&#8220;row&#8220; use_row_as_full_screen_section=&#8220;no&#8220; type=&#8220;grid&#8220; angled_section=&#8220;no&#8220; text_align=&#8220;left&#8220; background_image_as_pattern=&#8220;without_pattern&#8220; z_index=&#8220;&#8220;][vc_column][vc_column_text css=&#8220;.vc_custom_1710771750471{padding-bottom: 10px !important;}&#8220;] IMPRESSUM [\/vc_column_text][\/vc_column][\/vc_row][vc_row css_animation=&#8220;&#8220; row_type=&#8220;row&#8220; use_row_as_full_screen_section=&#8220;no&#8220; type=&#8220;grid&#8220; angled_section=&#8220;no&#8220; text_align=&#8220;left&#8220; background_image_as_pattern=&#8220;without_pattern&#8220; z_index=&#8220;&#8220;][vc_column][vc_empty_space height=&#8220;40px&#8220;][vc_row_inner row_type=&#8220;row&#8220; type=&#8220;full_width&#8220; text_align=&#8220;left&#8220; css_animation=&#8220;&#8220;][vc_column_inner width=&#8220;1\/3&#8243;][vc_column_text]Name des Unternehmens: DOK-ING d.o.o. Sitz der Gesellschaft: Slavonska avenija 22 G, 10000 Zagreb, Kroatien Registernummer und Sitz vom Registergericht: 080200137, das Unternehmen ist beim Handelsgericht in Zagreb eingetragen. Pers\u00f6nliche Identifikationsnummer der Steuerverwaltung des kroatischen Finanzministeriums: 39982657045 Umsatzsteuer-Identifikationsnummer (USt-IdNr.:): HR39982657045 Stammkapital: 12.297.430,00 EUR in voller H\u00f6he eingezahlt Vorsitzender der Gesch\u00e4ftsf\u00fchrung: Marijo Grgurinovi\u0107 Mitglieder der Gesch\u00e4ftsf\u00fchrung: Gordan Pe\u0161i\u0107, Ante Baki\u0107 Vorsitzender des Aufsichtsrates: Vjekoslav Majeti\u0107[\/vc_column_text][\/vc_column_inner][vc_column_inner width=&#8220;1\/3&#8243;][vc_column_text][\/vc_column_text][\/vc_column_inner][vc_column_inner width=&#8220;1\/3&#8243;][vc_column_text][\/vc_column_text][vc_empty_space height=&#8220;10px&#8220;][vc_column_text]View larger map[\/vc_column_text][\/vc_column_inner][\/vc_row_inner][vc_empty_space height=&#8220;30px&#8220; css=&#8220;.vc_custom_1590396734990{border-bottom-width: 1px !important;border-bottom-color: #dd3333 !important;border-bottom-style: solid !important;}&#8220;][vc_empty_space height=&#8220;50px&#8220;][\/vc_column][\/vc_row]\" \/>\n<meta property=\"og:url\" content=\"https:\/\/dok-ing.hr\/de\/dok-ing-about-us\/legal-info\/\" \/>\n<meta property=\"og:site_name\" content=\"DOK-ING\" \/>\n<meta property=\"article:publisher\" content=\"https:\/\/www.facebook.com\/doking.ltd\/\" \/>\n<meta property=\"article:modified_time\" content=\"2024-03-18T14:28:13+00:00\" \/>\n<meta name=\"twitter:card\" content=\"summary_large_image\" \/>\n<meta name=\"twitter:label1\" content=\"Gesch\u00e4tzte Lesezeit\" \/>\n\t<meta name=\"twitter:data1\" content=\"1\u00a0Minute\" \/>\n<script type=\"application\/ld+json\" class=\"yoast-schema-graph\">{\"@context\":\"https:\/\/schema.org\",\"@graph\":[{\"@type\":\"WebPage\",\"@id\":\"https:\/\/dok-ing.hr\/de\/dok-ing-about-us\/legal-info\/\",\"url\":\"https:\/\/dok-ing.hr\/de\/dok-ing-about-us\/legal-info\/\",\"name\":\"Impressum - DOK-ING\",\"isPartOf\":{\"@id\":\"https:\/\/dok-ing.hr\/de\/#website\"},\"datePublished\":\"2020-07-08T09:42:28+00:00\",\"dateModified\":\"2024-03-18T14:28:13+00:00\",\"breadcrumb\":{\"@id\":\"https:\/\/dok-ing.hr\/de\/dok-ing-about-us\/legal-info\/#breadcrumb\"},\"inLanguage\":\"de\",\"potentialAction\":[{\"@type\":\"ReadAction\",\"target\":[\"https:\/\/dok-ing.hr\/de\/dok-ing-about-us\/legal-info\/\"]}]},{\"@type\":\"BreadcrumbList\",\"@id\":\"https:\/\/dok-ing.hr\/de\/dok-ing-about-us\/legal-info\/#breadcrumb\",\"itemListElement\":[{\"@type\":\"ListItem\",\"position\":1,\"name\":\"Home\",\"item\":\"https:\/\/dok-ing.hr\/de\/\"},{\"@type\":\"ListItem\",\"position\":2,\"name\":\"Unternehmen\",\"item\":\"https:\/\/dok-ing.hr\/de\/\"},{\"@type\":\"ListItem\",\"position\":3,\"name\":\"Impressum\"}]},{\"@type\":\"WebSite\",\"@id\":\"https:\/\/dok-ing.hr\/de\/#website\",\"url\":\"https:\/\/dok-ing.hr\/de\/\",\"name\":\"DOK-ING\",\"description\":\"Don&#039;t send a man to do a machine&#039;s job\",\"publisher\":{\"@id\":\"https:\/\/dok-ing.hr\/de\/#organization\"},\"potentialAction\":[{\"@type\":\"SearchAction\",\"target\":{\"@type\":\"EntryPoint\",\"urlTemplate\":\"https:\/\/dok-ing.hr\/de\/?s={search_term_string}\"},\"query-input\":\"required name=search_term_string\"}],\"inLanguage\":\"de\"},{\"@type\":\"Organization\",\"@id\":\"https:\/\/dok-ing.hr\/de\/#organization\",\"name\":\"DOK-ING Ltd.\",\"url\":\"https:\/\/dok-ing.hr\/de\/\",\"logo\":{\"@type\":\"ImageObject\",\"inLanguage\":\"de\",\"@id\":\"https:\/\/dok-ing.hr\/de\/#\/schema\/logo\/image\/\",\"url\":\"https:\/\/dok-ing.hr\/wp-content\/uploads\/2020\/11\/favicon.png\",\"contentUrl\":\"https:\/\/dok-ing.hr\/wp-content\/uploads\/2020\/11\/favicon.png\",\"width\":512,\"height\":512,\"caption\":\"DOK-ING Ltd.\"},\"image\":{\"@id\":\"https:\/\/dok-ing.hr\/de\/#\/schema\/logo\/image\/\"},\"sameAs\":[\"https:\/\/www.instagram.com\/dok__ing\/\",\"https:\/\/www.linkedin.com\/company\/dok-ing\",\"https:\/\/www.youtube.com\/user\/DOKINGltd\",\"https:\/\/www.facebook.com\/doking.ltd\/\"]}]}<\/script>\n<!-- \/ Yoast SEO plugin. -->","yoast_head_json":{"title":"Impressum - DOK-ING","robots":{"index":"index","follow":"follow","max-snippet":"max-snippet:-1","max-image-preview":"max-image-preview:large","max-video-preview":"max-video-preview:-1"},"canonical":"https:\/\/dok-ing.hr\/de\/dok-ing-about-us\/legal-info\/","og_locale":"de_DE","og_type":"article","og_title":"Impressum - DOK-ING","og_description":"[vc_row css_animation=&#8220;&#8220; row_type=&#8220;row&#8220; use_row_as_full_screen_section=&#8220;no&#8220; type=&#8220;grid&#8220; angled_section=&#8220;no&#8220; text_align=&#8220;left&#8220; background_image_as_pattern=&#8220;without_pattern&#8220; z_index=&#8220;&#8220;][vc_column][vc_column_text css=&#8220;.vc_custom_1710771750471{padding-bottom: 10px !important;}&#8220;] IMPRESSUM [\/vc_column_text][\/vc_column][\/vc_row][vc_row css_animation=&#8220;&#8220; row_type=&#8220;row&#8220; use_row_as_full_screen_section=&#8220;no&#8220; type=&#8220;grid&#8220; angled_section=&#8220;no&#8220; text_align=&#8220;left&#8220; background_image_as_pattern=&#8220;without_pattern&#8220; z_index=&#8220;&#8220;][vc_column][vc_empty_space height=&#8220;40px&#8220;][vc_row_inner row_type=&#8220;row&#8220; type=&#8220;full_width&#8220; text_align=&#8220;left&#8220; css_animation=&#8220;&#8220;][vc_column_inner width=&#8220;1\/3&#8243;][vc_column_text]Name des Unternehmens: DOK-ING d.o.o. Sitz der Gesellschaft: Slavonska avenija 22 G, 10000 Zagreb, Kroatien Registernummer und Sitz vom Registergericht: 080200137, das Unternehmen ist beim Handelsgericht in Zagreb eingetragen. Pers\u00f6nliche Identifikationsnummer der Steuerverwaltung des kroatischen Finanzministeriums: 39982657045 Umsatzsteuer-Identifikationsnummer (USt-IdNr.:): HR39982657045 Stammkapital: 12.297.430,00 EUR in voller H\u00f6he eingezahlt Vorsitzender der Gesch\u00e4ftsf\u00fchrung: Marijo Grgurinovi\u0107 Mitglieder der Gesch\u00e4ftsf\u00fchrung: Gordan Pe\u0161i\u0107, Ante Baki\u0107 Vorsitzender des Aufsichtsrates: Vjekoslav Majeti\u0107[\/vc_column_text][\/vc_column_inner][vc_column_inner width=&#8220;1\/3&#8243;][vc_column_text][\/vc_column_text][\/vc_column_inner][vc_column_inner width=&#8220;1\/3&#8243;][vc_column_text][\/vc_column_text][vc_empty_space height=&#8220;10px&#8220;][vc_column_text]View larger map[\/vc_column_text][\/vc_column_inner][\/vc_row_inner][vc_empty_space height=&#8220;30px&#8220; css=&#8220;.vc_custom_1590396734990{border-bottom-width: 1px !important;border-bottom-color: #dd3333 !important;border-bottom-style: solid !important;}&#8220;][vc_empty_space height=&#8220;50px&#8220;][\/vc_column][\/vc_row]","og_url":"https:\/\/dok-ing.hr\/de\/dok-ing-about-us\/legal-info\/","og_site_name":"DOK-ING","article_publisher":"https:\/\/www.facebook.com\/doking.ltd\/","article_modified_time":"2024-03-18T14:28:13+00:00","twitter_card":"summary_large_image","twitter_misc":{"Gesch\u00e4tzte Lesezeit":"1\u00a0Minute"},"schema":{"@context":"https:\/\/schema.org","@graph":[{"@type":"WebPage","@id":"https:\/\/dok-ing.hr\/de\/dok-ing-about-us\/legal-info\/","url":"https:\/\/dok-ing.hr\/de\/dok-ing-about-us\/legal-info\/","name":"Impressum - DOK-ING","isPartOf":{"@id":"https:\/\/dok-ing.hr\/de\/#website"},"datePublished":"2020-07-08T09:42:28+00:00","dateModified":"2024-03-18T14:28:13+00:00","breadcrumb":{"@id":"https:\/\/dok-ing.hr\/de\/dok-ing-about-us\/legal-info\/#breadcrumb"},"inLanguage":"de","potentialAction":[{"@type":"ReadAction","target":["https:\/\/dok-ing.hr\/de\/dok-ing-about-us\/legal-info\/"]}]},{"@type":"BreadcrumbList","@id":"https:\/\/dok-ing.hr\/de\/dok-ing-about-us\/legal-info\/#breadcrumb","itemListElement":[{"@type":"ListItem","position":1,"name":"Home","item":"https:\/\/dok-ing.hr\/de\/"},{"@type":"ListItem","position":2,"name":"Unternehmen","item":"https:\/\/dok-ing.hr\/de\/"},{"@type":"ListItem","position":3,"name":"Impressum"}]},{"@type":"WebSite","@id":"https:\/\/dok-ing.hr\/de\/#website","url":"https:\/\/dok-ing.hr\/de\/","name":"DOK-ING","description":"Don&#039;t send a man to do a machine&#039;s job","publisher":{"@id":"https:\/\/dok-ing.hr\/de\/#organization"},"potentialAction":[{"@type":"SearchAction","target":{"@type":"EntryPoint","urlTemplate":"https:\/\/dok-ing.hr\/de\/?s={search_term_string}"},"query-input":"required name=search_term_string"}],"inLanguage":"de"},{"@type":"Organization","@id":"https:\/\/dok-ing.hr\/de\/#organization","name":"DOK-ING Ltd.","url":"https:\/\/dok-ing.hr\/de\/","logo":{"@type":"ImageObject","inLanguage":"de","@id":"https:\/\/dok-ing.hr\/de\/#\/schema\/logo\/image\/","url":"https:\/\/dok-ing.hr\/wp-content\/uploads\/2020\/11\/favicon.png","contentUrl":"https:\/\/dok-ing.hr\/wp-content\/uploads\/2020\/11\/favicon.png","width":512,"height":512,"caption":"DOK-ING Ltd."},"image":{"@id":"https:\/\/dok-ing.hr\/de\/#\/schema\/logo\/image\/"},"sameAs":["https:\/\/www.instagram.com\/dok__ing\/","https:\/\/www.linkedin.com\/company\/dok-ing","https:\/\/www.youtube.com\/user\/DOKINGltd","https:\/\/www.facebook.com\/doking.ltd\/"]}]}},"_links":{"self":[{"href":"https:\/\/dok-ing.hr\/de\/wp-json\/wp\/v2\/pages\/9562"}],"collection":[{"href":"https:\/\/dok-ing.hr\/de\/wp-json\/wp\/v2\/pages"}],"about":[{"href":"https:\/\/dok-ing.hr\/de\/wp-json\/wp\/v2\/types\/page"}],"author":[{"embeddable":true,"href":"https:\/\/dok-ing.hr\/de\/wp-json\/wp\/v2\/users\/1"}],"replies":[{"embeddable":true,"href":"https:\/\/dok-ing.hr\/de\/wp-json\/wp\/v2\/comments?post=9562"}],"version-history":[{"count":2,"href":"https:\/\/dok-ing.hr\/de\/wp-json\/wp\/v2\/pages\/9562\/revisions"}],"predecessor-version":[{"id":9564,"href":"https:\/\/dok-ing.hr\/de\/wp-json\/wp\/v2\/pages\/9562\/revisions\/9564"}],"up":[{"embeddable":true,"href":"https:\/\/dok-ing.hr\/de\/wp-json\/wp\/v2\/pages\/9552"}],"wp:attachment":[{"href":"https:\/\/dok-ing.hr\/de\/wp-json\/wp\/v2\/media?parent=9562"}],"curies":[{"name":"wp","href":"https:\/\/api.w.org\/{rel}","templated":true}]}}