{"id":10012,"date":"2020-05-25T10:18:13","date_gmt":"2020-05-25T08:18:13","guid":{"rendered":"https:\/\/dok-ing.hr\/contacts\/"},"modified":"2024-03-27T14:30:58","modified_gmt":"2024-03-27T13:30:58","slug":"contactos","status":"publish","type":"page","link":"https:\/\/dok-ing.hr\/es\/contactos\/","title":{"rendered":"Contactos"},"content":{"rendered":"<section class=\"wpb-content-wrapper\"><p>[vc_row css_animation=\u00bb\u00bb row_type=\u00bbrow\u00bb use_row_as_full_screen_section=\u00bbno\u00bb type=\u00bbgrid\u00bb angled_section=\u00bbno\u00bb text_align=\u00bbleft\u00bb background_image_as_pattern=\u00bbwithout_pattern\u00bb z_index=\u00bb\u00bb][vc_column][vc_column_text css=\u00bb.vc_custom_1711530850586{padding-bottom: 10px !important;}\u00bb]<\/p>\n<h2>C\u00d3MO ENCONTRARNOS<\/h2>\n<p>[\/vc_column_text][\/vc_column][\/vc_row][vc_row css_animation=\u00bb\u00bb row_type=\u00bbrow\u00bb use_row_as_full_screen_section=\u00bbno\u00bb type=\u00bbgrid\u00bb angled_section=\u00bbno\u00bb text_align=\u00bbleft\u00bb background_image_as_pattern=\u00bbwithout_pattern\u00bb z_index=\u00bb\u00bb][vc_column][vc_empty_space height=\u00bb40px\u00bb][vc_column_text]<strong><span style=\"color: #dd3333;\">SEDE<\/span><\/strong>[\/vc_column_text][vc_empty_space height=\u00bb20px\u00bb][vc_row_inner row_type=\u00bbrow\u00bb type=\u00bbfull_width\u00bb text_align=\u00bbleft\u00bb css_animation=\u00bb\u00bb][vc_column_inner width=\u00bb1\/3&#8243;][vc_column_text]<strong>DIRECCI\u00d3N:<\/strong><br \/>\nSlavonska avenija 22 G,<br \/>\n10000 Zagreb,<br \/>\nCroatia, Europe<\/p>\n<p>&nbsp;<\/p>\n<p><strong>Tel\u00e9fono:<\/strong> +385 1 2481-300<br \/>\n<strong>General e-mail:<\/strong> info@dok-ing.hr[\/vc_column_text][\/vc_column_inner][vc_column_inner width=\u00bb1\/3&#8243;][vc_column_text]<strong>Ventas y Desarrollo de Negocios<\/strong><br \/>\n<strong>E-mail:<\/strong> sales@dok-ing.hr<\/p>\n<p>&nbsp;<\/p>\n<p><strong>E-mail:<\/strong> pr@dok-ing.hr<\/p>\n<p>&nbsp;<\/p>\n<p><strong>Recursos humanos<\/strong><br \/>\n<strong>E-mail:<\/strong> hr@dok-ing.hr<\/p>\n<p>&nbsp;<\/p>\n<p><strong>La contrataci\u00f3n p\u00fablica<\/strong><br \/>\n<strong>E-mail:<\/strong> EUnabava@dok-ing.hr[\/vc_column_text][\/vc_column_inner][vc_column_inner width=\u00bb1\/3&#8243;][vc_column_text]<iframe loading=\"lazy\" style=\"border: 0;\" tabindex=\"0\" src=\"https:\/\/www.google.com\/maps\/embed?pb=!1m18!1m12!1m3!1d22261.043931793534!2d15.989422254666048!3d45.77859506276819!2m3!1f0!2f0!3f0!3m2!1i1024!2i768!4f13.1!3m3!1m2!1s0x47667ef06fa71d2f%3A0xaa5f89525f1eedac!2sDok-Ing!5e0!3m2!1sen!2shr!4v1590396799715!5m2!1sen!2shr\" width=\"100%\" height=\"320\" frameborder=\"0\" allowfullscreen=\"allowfullscreen\" aria-hidden=\"false\"><\/iframe>[\/vc_column_text][vc_empty_space height=\u00bb10px\u00bb][vc_column_text]<a href=\"https:\/\/www.google.com\/maps?ll=45.794818,16.032831&amp;z=14&amp;t=m&amp;hl=en&amp;gl=HR&amp;mapclient=embed&amp;cid=12276682096111447468\" target=\"_blank\" rel=\"noopener noreferrer\"><strong>View larger map<\/strong><\/a>[\/vc_column_text][\/vc_column_inner][\/vc_row_inner][vc_empty_space height=\u00bb40px\u00bb css=\u00bb.vc_custom_1594202195077{border-bottom-width: 1px !important;border-bottom-color: #dd3333 !important;border-bottom-style: solid !important;}\u00bb][\/vc_column][\/vc_row][vc_row css_animation=\u00bb\u00bb row_type=\u00bbrow\u00bb use_row_as_full_screen_section=\u00bbno\u00bb type=\u00bbgrid\u00bb angled_section=\u00bbno\u00bb text_align=\u00bbleft\u00bb background_image_as_pattern=\u00bbwithout_pattern\u00bb z_index=\u00bb\u00bb][vc_column width=\u00bb1\/2&#8243;][vc_empty_space height=\u00bb40px\u00bb][vc_column_text]<strong><span style=\"color: #dd3333;\">DOK-ING America Llc.<\/span><\/strong><\/p>\n<p>[\/vc_column_text][vc_empty_space height=\u00bb20px\u00bb][vc_row_inner row_type=\u00bbrow\u00bb type=\u00bbfull_width\u00bb text_align=\u00bbleft\u00bb css_animation=\u00bb\u00bb][vc_column_inner][vc_column_text]<strong>DIRECCI\u00d3N:<\/strong><br \/>\n1775 Wiehle Avenue Ste 400,<br \/>\nReston,<br \/>\nVA 20190<\/p>\n<p>&nbsp;<\/p>\n<p><strong>E-mail:<\/strong> niksa.cigoj@dok-ing.hr<br \/>\n<strong>Persona de contacto:<\/strong> Nik\u0161a Cigoj, Sales Manager[\/vc_column_text][vc_empty_space height=\u00bb10px\u00bb][vc_column_text]<a href=\"https:\/\/goo.gl\/maps\/ddFzRdVSASdzoAGe8\" target=\"_blank\" rel=\"noopener noreferrer\"><strong>View larger map<\/strong><\/a>[\/vc_column_text][\/vc_column_inner][\/vc_row_inner][\/vc_column][vc_column width=\u00bb1\/2&#8243;][vc_empty_space height=\u00bb40px\u00bb][vc_column_text]<strong><span style=\"color: #dd3333;\">DOK-ING Africa (Pty) Ltd.<\/span><\/strong><\/p>\n<p>[\/vc_column_text][vc_empty_space height=\u00bb20px\u00bb][vc_row_inner row_type=\u00bbrow\u00bb type=\u00bbfull_width\u00bb text_align=\u00bbleft\u00bb css_animation=\u00bb\u00bb][vc_column_inner][vc_column_text]<strong>DIRECCI\u00d3N:<\/strong><br \/>\nDOK-ING House &amp; Workshop,<br \/>\n237 Joseph Street,<br \/>\nCNR Nyewerheid,<br \/>\nGemiston 1401,<br \/>\nJohannesburg, SA<\/p>\n<p>&nbsp;<\/p>\n<p><strong>Tel\u00e9fono:<\/strong> +27 82 5530 674<br \/>\n<strong>E-mail:<\/strong> tom@doking.co.za<br \/>\n<strong>Persona de contacto:<\/strong> Tom Serti\u0107, General Manager[\/vc_column_text][vc_empty_space height=\u00bb10px\u00bb][vc_column_text]<a href=\"https:\/\/goo.gl\/maps\/ha6K3NjNPhekFZdQA\" target=\"_blank\" rel=\"noopener noreferrer\"><strong>View larger map<\/strong><\/a>[\/vc_column_text][\/vc_column_inner][\/vc_row_inner][\/vc_column][\/vc_row][vc_row css_animation=\u00bb\u00bb row_type=\u00bbrow\u00bb use_row_as_full_screen_section=\u00bbno\u00bb type=\u00bbgrid\u00bb angled_section=\u00bbno\u00bb text_align=\u00bbleft\u00bb background_image_as_pattern=\u00bbwithout_pattern\u00bb z_index=\u00bb\u00bb][vc_column][vc_empty_space height=\u00bb40px\u00bb css=\u00bb.vc_custom_1594202195077{border-bottom-width: 1px !important;border-bottom-color: #dd3333 !important;border-bottom-style: solid !important;}\u00bb][\/vc_column][\/vc_row]<\/p>\n<\/section>","protected":false},"excerpt":{"rendered":"<p>[vc_row css_animation=\u00bb\u00bb row_type=\u00bbrow\u00bb use_row_as_full_screen_section=\u00bbno\u00bb type=\u00bbgrid\u00bb angled_section=\u00bbno\u00bb text_align=\u00bbleft\u00bb background_image_as_pattern=\u00bbwithout_pattern\u00bb z_index=\u00bb\u00bb][vc_column][vc_column_text css=\u00bb.vc_custom_1711530850586{padding-bottom: 10px !important;}\u00bb]<br \/>\nC\u00d3MO ENCONTRARNOS<br \/>\n[\/vc_column_text][\/vc_column][\/vc_row][vc_row css_animation=\u00bb\u00bb row_type=\u00bbrow\u00bb use_row_as_full_screen_section=\u00bbno\u00bb type=\u00bbgrid\u00bb angled_section=\u00bbno\u00bb text_align=\u00bbleft\u00bb background_image_as_pattern=\u00bbwithout_pattern\u00bb z_index=\u00bb\u00bb][vc_column][vc_empty_space height=\u00bb40px\u00bb][vc_column_text]SEDE[\/vc_column_text][vc_empty_space height=\u00bb20px\u00bb][vc_row_inner row_type=\u00bbrow\u00bb type=\u00bbfull_width\u00bb text_align=\u00bbleft\u00bb css_animation=\u00bb\u00bb][vc_column_inner width=\u00bb1\/3&#8243;][vc_column_text]DIRECCI\u00d3N:<br \/>\nSlavonska avenija 22 G,<br \/>\n10000 Zagreb,<br \/>\nCroatia, Europe<br \/>\n&nbsp;<br \/>\nTel\u00e9fono: +385 1 2481-300<br \/>\nGeneral e-mail: info@dok-ing.hr[\/vc_column_text][\/vc_column_inner][vc_column_inner width=\u00bb1\/3&#8243;][vc_column_text]Ventas y Desarrollo de Negocios<br \/>\nE-mail: sales@dok-ing.hr<br \/>\n&nbsp;<br \/>\nE-mail: pr@dok-ing.hr<br \/>\n&nbsp;<br \/>\nRecursos humanos<br \/>\nE-mail: hr@dok-ing.hr<br \/>\n&nbsp;<br \/>\nLa contrataci\u00f3n p\u00fablica<br \/>\nE-mail: EUnabava@dok-ing.hr[\/vc_column_text][\/vc_column_inner][vc_column_inner width=\u00bb1\/3&#8243;][vc_column_text][\/vc_column_text][vc_empty_space height=\u00bb10px\u00bb][vc_column_text]View larger map[\/vc_column_text][\/vc_column_inner][\/vc_row_inner][vc_empty_space height=\u00bb40px\u00bb css=\u00bb.vc_custom_1594202195077{border-bottom-width: 1px !important;border-bottom-color: #dd3333 !important;border-bottom-style: solid !important;}\u00bb][\/vc_column][\/vc_row][vc_row css_animation=\u00bb\u00bb row_type=\u00bbrow\u00bb use_row_as_full_screen_section=\u00bbno\u00bb type=\u00bbgrid\u00bb angled_section=\u00bbno\u00bb text_align=\u00bbleft\u00bb background_image_as_pattern=\u00bbwithout_pattern\u00bb z_index=\u00bb\u00bb][vc_column width=\u00bb1\/2&#8243;][vc_empty_space height=\u00bb40px\u00bb][vc_column_text]DOK-ING America Llc.<br \/>\n[\/vc_column_text][vc_empty_space height=\u00bb20px\u00bb][vc_row_inner row_type=\u00bbrow\u00bb type=\u00bbfull_width\u00bb text_align=\u00bbleft\u00bb css_animation=\u00bb\u00bb][vc_column_inner][vc_column_text]DIRECCI\u00d3N:<br \/>\n1775 Wiehle Avenue Ste 400,<br \/>\nReston,<br \/>\nVA 20190<br \/>\n&nbsp;<br \/>\nE-mail: niksa.cigoj@dok-ing.hr<br \/>\nPersona de contacto: Nik\u0161a Cigoj, Sales Manager[\/vc_column_text][vc_empty_space height=\u00bb10px\u00bb][vc_column_text]View larger map[\/vc_column_text][\/vc_column_inner][\/vc_row_inner][\/vc_column][vc_column width=\u00bb1\/2&#8243;][vc_empty_space height=\u00bb40px\u00bb][vc_column_text]DOK-ING Africa (Pty) Ltd.<br \/>\n[\/vc_column_text][vc_empty_space height=\u00bb20px\u00bb][vc_row_inner row_type=\u00bbrow\u00bb type=\u00bbfull_width\u00bb text_align=\u00bbleft\u00bb css_animation=\u00bb\u00bb][vc_column_inner][vc_column_text]DIRECCI\u00d3N:<br \/>\nDOK-ING House &amp; Workshop,<br \/>\n237 Joseph Street,<br \/>\nCNR Nyewerheid,<br \/>\nGemiston 1401,<br \/>\nJohannesburg, SA<br \/>\n&nbsp;<br \/>\nTel\u00e9fono: +27 82 5530 674<br \/>\nE-mail: tom@doking.co.za<br \/>\nPersona de contacto: Tom Serti\u0107, General Manager[\/vc_column_text][vc_empty_space height=\u00bb10px\u00bb][vc_column_text]View larger map[\/vc_column_text][\/vc_column_inner][\/vc_row_inner][\/vc_column][\/vc_row][vc_row css_animation=\u00bb\u00bb row_type=\u00bbrow\u00bb use_row_as_full_screen_section=\u00bbno\u00bb type=\u00bbgrid\u00bb angled_section=\u00bbno\u00bb text_align=\u00bbleft\u00bb background_image_as_pattern=\u00bbwithout_pattern\u00bb z_index=\u00bb\u00bb][vc_column][vc_empty_space height=\u00bb40px\u00bb css=\u00bb.vc_custom_1594202195077{border-bottom-width: 1px !important;border-bottom-color: #dd3333 !important;border-bottom-style: solid !important;}\u00bb][\/vc_column][\/vc_row]<\/p>\n","protected":false},"author":1,"featured_media":0,"parent":0,"menu_order":0,"comment_status":"closed","ping_status":"closed","template":"full_width.php","meta":[],"yoast_head":"<!-- This site is optimized with the Yoast SEO plugin v19.11 - https:\/\/yoast.com\/wordpress\/plugins\/seo\/ -->\n<title>Contactos - DOK-ING<\/title>\n<meta name=\"robots\" content=\"index, follow, max-snippet:-1, max-image-preview:large, max-video-preview:-1\" \/>\n<link rel=\"canonical\" href=\"https:\/\/dok-ing.hr\/es\/contactos\/\" \/>\n<meta property=\"og:locale\" content=\"es_ES\" \/>\n<meta property=\"og:type\" content=\"article\" \/>\n<meta property=\"og:title\" content=\"Contactos - DOK-ING\" \/>\n<meta property=\"og:description\" content=\"[vc_row css_animation=\u00bb\u00bb row_type=\u00bbrow\u00bb use_row_as_full_screen_section=\u00bbno\u00bb type=\u00bbgrid\u00bb angled_section=\u00bbno\u00bb text_align=\u00bbleft\u00bb background_image_as_pattern=\u00bbwithout_pattern\u00bb z_index=\u00bb\u00bb][vc_column][vc_column_text css=\u00bb.vc_custom_1711530850586{padding-bottom: 10px !important;}\u00bb] C\u00d3MO ENCONTRARNOS [\/vc_column_text][\/vc_column][\/vc_row][vc_row css_animation=\u00bb\u00bb row_type=\u00bbrow\u00bb use_row_as_full_screen_section=\u00bbno\u00bb type=\u00bbgrid\u00bb angled_section=\u00bbno\u00bb text_align=\u00bbleft\u00bb background_image_as_pattern=\u00bbwithout_pattern\u00bb z_index=\u00bb\u00bb][vc_column][vc_empty_space height=\u00bb40px\u00bb][vc_column_text]SEDE[\/vc_column_text][vc_empty_space height=\u00bb20px\u00bb][vc_row_inner row_type=\u00bbrow\u00bb type=\u00bbfull_width\u00bb text_align=\u00bbleft\u00bb css_animation=\u00bb\u00bb][vc_column_inner width=\u00bb1\/3&#8243;][vc_column_text]DIRECCI\u00d3N: Slavonska avenija 22 G, 10000 Zagreb, Croatia, Europe &nbsp; Tel\u00e9fono: +385 1 2481-300 General e-mail: info@dok-ing.hr[\/vc_column_text][\/vc_column_inner][vc_column_inner width=\u00bb1\/3&#8243;][vc_column_text]Ventas y Desarrollo de Negocios E-mail: sales@dok-ing.hr &nbsp; E-mail: pr@dok-ing.hr &nbsp; Recursos humanos E-mail: hr@dok-ing.hr &nbsp; La contrataci\u00f3n p\u00fablica E-mail: EUnabava@dok-ing.hr[\/vc_column_text][\/vc_column_inner][vc_column_inner width=\u00bb1\/3&#8243;][vc_column_text][\/vc_column_text][vc_empty_space height=\u00bb10px\u00bb][vc_column_text]View larger map[\/vc_column_text][\/vc_column_inner][\/vc_row_inner][vc_empty_space height=\u00bb40px\u00bb css=\u00bb.vc_custom_1594202195077{border-bottom-width: 1px !important;border-bottom-color: #dd3333 !important;border-bottom-style: solid !important;}\u00bb][\/vc_column][\/vc_row][vc_row css_animation=\u00bb\u00bb row_type=\u00bbrow\u00bb use_row_as_full_screen_section=\u00bbno\u00bb type=\u00bbgrid\u00bb angled_section=\u00bbno\u00bb text_align=\u00bbleft\u00bb background_image_as_pattern=\u00bbwithout_pattern\u00bb z_index=\u00bb\u00bb][vc_column width=\u00bb1\/2&#8243;][vc_empty_space height=\u00bb40px\u00bb][vc_column_text]DOK-ING America Llc. [\/vc_column_text][vc_empty_space height=\u00bb20px\u00bb][vc_row_inner row_type=\u00bbrow\u00bb type=\u00bbfull_width\u00bb text_align=\u00bbleft\u00bb css_animation=\u00bb\u00bb][vc_column_inner][vc_column_text]DIRECCI\u00d3N: 1775 Wiehle Avenue Ste 400, Reston, VA 20190 &nbsp; E-mail: niksa.cigoj@dok-ing.hr Persona de contacto: Nik\u0161a Cigoj, Sales Manager[\/vc_column_text][vc_empty_space height=\u00bb10px\u00bb][vc_column_text]View larger map[\/vc_column_text][\/vc_column_inner][\/vc_row_inner][\/vc_column][vc_column width=\u00bb1\/2&#8243;][vc_empty_space height=\u00bb40px\u00bb][vc_column_text]DOK-ING Africa (Pty) Ltd. [\/vc_column_text][vc_empty_space height=\u00bb20px\u00bb][vc_row_inner row_type=\u00bbrow\u00bb type=\u00bbfull_width\u00bb text_align=\u00bbleft\u00bb css_animation=\u00bb\u00bb][vc_column_inner][vc_column_text]DIRECCI\u00d3N: DOK-ING House &amp; Workshop, 237 Joseph Street, CNR Nyewerheid, Gemiston 1401, Johannesburg, SA &nbsp; Tel\u00e9fono: +27 82 5530 674 E-mail: tom@doking.co.za Persona de contacto: Tom Serti\u0107, General Manager[\/vc_column_text][vc_empty_space height=\u00bb10px\u00bb][vc_column_text]View larger map[\/vc_column_text][\/vc_column_inner][\/vc_row_inner][\/vc_column][\/vc_row][vc_row css_animation=\u00bb\u00bb row_type=\u00bbrow\u00bb use_row_as_full_screen_section=\u00bbno\u00bb type=\u00bbgrid\u00bb angled_section=\u00bbno\u00bb text_align=\u00bbleft\u00bb background_image_as_pattern=\u00bbwithout_pattern\u00bb z_index=\u00bb\u00bb][vc_column][vc_empty_space height=\u00bb40px\u00bb css=\u00bb.vc_custom_1594202195077{border-bottom-width: 1px !important;border-bottom-color: #dd3333 !important;border-bottom-style: solid !important;}\u00bb][\/vc_column][\/vc_row]\" \/>\n<meta property=\"og:url\" content=\"https:\/\/dok-ing.hr\/es\/contactos\/\" \/>\n<meta property=\"og:site_name\" content=\"DOK-ING\" \/>\n<meta property=\"article:publisher\" content=\"https:\/\/www.facebook.com\/doking.ltd\/\" \/>\n<meta property=\"article:modified_time\" content=\"2024-03-27T13:30:58+00:00\" \/>\n<meta name=\"twitter:card\" content=\"summary_large_image\" \/>\n<meta name=\"twitter:label1\" content=\"Tiempo de lectura\" \/>\n\t<meta name=\"twitter:data1\" content=\"1 minuto\" \/>\n<script type=\"application\/ld+json\" class=\"yoast-schema-graph\">{\"@context\":\"https:\/\/schema.org\",\"@graph\":[{\"@type\":\"WebPage\",\"@id\":\"https:\/\/dok-ing.hr\/es\/contactos\/\",\"url\":\"https:\/\/dok-ing.hr\/es\/contactos\/\",\"name\":\"Contactos - DOK-ING\",\"isPartOf\":{\"@id\":\"https:\/\/dok-ing.hr\/es\/#website\"},\"datePublished\":\"2020-05-25T08:18:13+00:00\",\"dateModified\":\"2024-03-27T13:30:58+00:00\",\"breadcrumb\":{\"@id\":\"https:\/\/dok-ing.hr\/es\/contactos\/#breadcrumb\"},\"inLanguage\":\"es\",\"potentialAction\":[{\"@type\":\"ReadAction\",\"target\":[\"https:\/\/dok-ing.hr\/es\/contactos\/\"]}]},{\"@type\":\"BreadcrumbList\",\"@id\":\"https:\/\/dok-ing.hr\/es\/contactos\/#breadcrumb\",\"itemListElement\":[{\"@type\":\"ListItem\",\"position\":1,\"name\":\"Home\",\"item\":\"https:\/\/dok-ing.hr\/es\/\"},{\"@type\":\"ListItem\",\"position\":2,\"name\":\"Contactos\"}]},{\"@type\":\"WebSite\",\"@id\":\"https:\/\/dok-ing.hr\/es\/#website\",\"url\":\"https:\/\/dok-ing.hr\/es\/\",\"name\":\"DOK-ING\",\"description\":\"Don&#039;t send a man to do a machine&#039;s job\",\"publisher\":{\"@id\":\"https:\/\/dok-ing.hr\/es\/#organization\"},\"potentialAction\":[{\"@type\":\"SearchAction\",\"target\":{\"@type\":\"EntryPoint\",\"urlTemplate\":\"https:\/\/dok-ing.hr\/es\/?s={search_term_string}\"},\"query-input\":\"required name=search_term_string\"}],\"inLanguage\":\"es\"},{\"@type\":\"Organization\",\"@id\":\"https:\/\/dok-ing.hr\/es\/#organization\",\"name\":\"DOK-ING Ltd.\",\"url\":\"https:\/\/dok-ing.hr\/es\/\",\"logo\":{\"@type\":\"ImageObject\",\"inLanguage\":\"es\",\"@id\":\"https:\/\/dok-ing.hr\/es\/#\/schema\/logo\/image\/\",\"url\":\"https:\/\/dok-ing.hr\/wp-content\/uploads\/2020\/11\/favicon.png\",\"contentUrl\":\"https:\/\/dok-ing.hr\/wp-content\/uploads\/2020\/11\/favicon.png\",\"width\":512,\"height\":512,\"caption\":\"DOK-ING Ltd.\"},\"image\":{\"@id\":\"https:\/\/dok-ing.hr\/es\/#\/schema\/logo\/image\/\"},\"sameAs\":[\"https:\/\/www.instagram.com\/dok__ing\/\",\"https:\/\/www.linkedin.com\/company\/dok-ing\",\"https:\/\/www.youtube.com\/user\/DOKINGltd\",\"https:\/\/www.facebook.com\/doking.ltd\/\"]}]}<\/script>\n<!-- \/ Yoast SEO plugin. -->","yoast_head_json":{"title":"Contactos - DOK-ING","robots":{"index":"index","follow":"follow","max-snippet":"max-snippet:-1","max-image-preview":"max-image-preview:large","max-video-preview":"max-video-preview:-1"},"canonical":"https:\/\/dok-ing.hr\/es\/contactos\/","og_locale":"es_ES","og_type":"article","og_title":"Contactos - DOK-ING","og_description":"[vc_row css_animation=\u00bb\u00bb row_type=\u00bbrow\u00bb use_row_as_full_screen_section=\u00bbno\u00bb type=\u00bbgrid\u00bb angled_section=\u00bbno\u00bb text_align=\u00bbleft\u00bb background_image_as_pattern=\u00bbwithout_pattern\u00bb z_index=\u00bb\u00bb][vc_column][vc_column_text css=\u00bb.vc_custom_1711530850586{padding-bottom: 10px !important;}\u00bb] C\u00d3MO ENCONTRARNOS [\/vc_column_text][\/vc_column][\/vc_row][vc_row css_animation=\u00bb\u00bb row_type=\u00bbrow\u00bb use_row_as_full_screen_section=\u00bbno\u00bb type=\u00bbgrid\u00bb angled_section=\u00bbno\u00bb text_align=\u00bbleft\u00bb background_image_as_pattern=\u00bbwithout_pattern\u00bb z_index=\u00bb\u00bb][vc_column][vc_empty_space height=\u00bb40px\u00bb][vc_column_text]SEDE[\/vc_column_text][vc_empty_space height=\u00bb20px\u00bb][vc_row_inner row_type=\u00bbrow\u00bb type=\u00bbfull_width\u00bb text_align=\u00bbleft\u00bb css_animation=\u00bb\u00bb][vc_column_inner width=\u00bb1\/3&#8243;][vc_column_text]DIRECCI\u00d3N: Slavonska avenija 22 G, 10000 Zagreb, Croatia, Europe &nbsp; Tel\u00e9fono: +385 1 2481-300 General e-mail: info@dok-ing.hr[\/vc_column_text][\/vc_column_inner][vc_column_inner width=\u00bb1\/3&#8243;][vc_column_text]Ventas y Desarrollo de Negocios E-mail: sales@dok-ing.hr &nbsp; E-mail: pr@dok-ing.hr &nbsp; Recursos humanos E-mail: hr@dok-ing.hr &nbsp; La contrataci\u00f3n p\u00fablica E-mail: EUnabava@dok-ing.hr[\/vc_column_text][\/vc_column_inner][vc_column_inner width=\u00bb1\/3&#8243;][vc_column_text][\/vc_column_text][vc_empty_space height=\u00bb10px\u00bb][vc_column_text]View larger map[\/vc_column_text][\/vc_column_inner][\/vc_row_inner][vc_empty_space height=\u00bb40px\u00bb css=\u00bb.vc_custom_1594202195077{border-bottom-width: 1px !important;border-bottom-color: #dd3333 !important;border-bottom-style: solid !important;}\u00bb][\/vc_column][\/vc_row][vc_row css_animation=\u00bb\u00bb row_type=\u00bbrow\u00bb use_row_as_full_screen_section=\u00bbno\u00bb type=\u00bbgrid\u00bb angled_section=\u00bbno\u00bb text_align=\u00bbleft\u00bb background_image_as_pattern=\u00bbwithout_pattern\u00bb z_index=\u00bb\u00bb][vc_column width=\u00bb1\/2&#8243;][vc_empty_space height=\u00bb40px\u00bb][vc_column_text]DOK-ING America Llc. [\/vc_column_text][vc_empty_space height=\u00bb20px\u00bb][vc_row_inner row_type=\u00bbrow\u00bb type=\u00bbfull_width\u00bb text_align=\u00bbleft\u00bb css_animation=\u00bb\u00bb][vc_column_inner][vc_column_text]DIRECCI\u00d3N: 1775 Wiehle Avenue Ste 400, Reston, VA 20190 &nbsp; E-mail: niksa.cigoj@dok-ing.hr Persona de contacto: Nik\u0161a Cigoj, Sales Manager[\/vc_column_text][vc_empty_space height=\u00bb10px\u00bb][vc_column_text]View larger map[\/vc_column_text][\/vc_column_inner][\/vc_row_inner][\/vc_column][vc_column width=\u00bb1\/2&#8243;][vc_empty_space height=\u00bb40px\u00bb][vc_column_text]DOK-ING Africa (Pty) Ltd. [\/vc_column_text][vc_empty_space height=\u00bb20px\u00bb][vc_row_inner row_type=\u00bbrow\u00bb type=\u00bbfull_width\u00bb text_align=\u00bbleft\u00bb css_animation=\u00bb\u00bb][vc_column_inner][vc_column_text]DIRECCI\u00d3N: DOK-ING House &amp; Workshop, 237 Joseph Street, CNR Nyewerheid, Gemiston 1401, Johannesburg, SA &nbsp; Tel\u00e9fono: +27 82 5530 674 E-mail: tom@doking.co.za Persona de contacto: Tom Serti\u0107, General Manager[\/vc_column_text][vc_empty_space height=\u00bb10px\u00bb][vc_column_text]View larger map[\/vc_column_text][\/vc_column_inner][\/vc_row_inner][\/vc_column][\/vc_row][vc_row css_animation=\u00bb\u00bb row_type=\u00bbrow\u00bb use_row_as_full_screen_section=\u00bbno\u00bb type=\u00bbgrid\u00bb angled_section=\u00bbno\u00bb text_align=\u00bbleft\u00bb background_image_as_pattern=\u00bbwithout_pattern\u00bb z_index=\u00bb\u00bb][vc_column][vc_empty_space height=\u00bb40px\u00bb css=\u00bb.vc_custom_1594202195077{border-bottom-width: 1px !important;border-bottom-color: #dd3333 !important;border-bottom-style: solid !important;}\u00bb][\/vc_column][\/vc_row]","og_url":"https:\/\/dok-ing.hr\/es\/contactos\/","og_site_name":"DOK-ING","article_publisher":"https:\/\/www.facebook.com\/doking.ltd\/","article_modified_time":"2024-03-27T13:30:58+00:00","twitter_card":"summary_large_image","twitter_misc":{"Tiempo de lectura":"1 minuto"},"schema":{"@context":"https:\/\/schema.org","@graph":[{"@type":"WebPage","@id":"https:\/\/dok-ing.hr\/es\/contactos\/","url":"https:\/\/dok-ing.hr\/es\/contactos\/","name":"Contactos - DOK-ING","isPartOf":{"@id":"https:\/\/dok-ing.hr\/es\/#website"},"datePublished":"2020-05-25T08:18:13+00:00","dateModified":"2024-03-27T13:30:58+00:00","breadcrumb":{"@id":"https:\/\/dok-ing.hr\/es\/contactos\/#breadcrumb"},"inLanguage":"es","potentialAction":[{"@type":"ReadAction","target":["https:\/\/dok-ing.hr\/es\/contactos\/"]}]},{"@type":"BreadcrumbList","@id":"https:\/\/dok-ing.hr\/es\/contactos\/#breadcrumb","itemListElement":[{"@type":"ListItem","position":1,"name":"Home","item":"https:\/\/dok-ing.hr\/es\/"},{"@type":"ListItem","position":2,"name":"Contactos"}]},{"@type":"WebSite","@id":"https:\/\/dok-ing.hr\/es\/#website","url":"https:\/\/dok-ing.hr\/es\/","name":"DOK-ING","description":"Don&#039;t send a man to do a machine&#039;s job","publisher":{"@id":"https:\/\/dok-ing.hr\/es\/#organization"},"potentialAction":[{"@type":"SearchAction","target":{"@type":"EntryPoint","urlTemplate":"https:\/\/dok-ing.hr\/es\/?s={search_term_string}"},"query-input":"required name=search_term_string"}],"inLanguage":"es"},{"@type":"Organization","@id":"https:\/\/dok-ing.hr\/es\/#organization","name":"DOK-ING Ltd.","url":"https:\/\/dok-ing.hr\/es\/","logo":{"@type":"ImageObject","inLanguage":"es","@id":"https:\/\/dok-ing.hr\/es\/#\/schema\/logo\/image\/","url":"https:\/\/dok-ing.hr\/wp-content\/uploads\/2020\/11\/favicon.png","contentUrl":"https:\/\/dok-ing.hr\/wp-content\/uploads\/2020\/11\/favicon.png","width":512,"height":512,"caption":"DOK-ING Ltd."},"image":{"@id":"https:\/\/dok-ing.hr\/es\/#\/schema\/logo\/image\/"},"sameAs":["https:\/\/www.instagram.com\/dok__ing\/","https:\/\/www.linkedin.com\/company\/dok-ing","https:\/\/www.youtube.com\/user\/DOKINGltd","https:\/\/www.facebook.com\/doking.ltd\/"]}]}},"_links":{"self":[{"href":"https:\/\/dok-ing.hr\/es\/wp-json\/wp\/v2\/pages\/10012"}],"collection":[{"href":"https:\/\/dok-ing.hr\/es\/wp-json\/wp\/v2\/pages"}],"about":[{"href":"https:\/\/dok-ing.hr\/es\/wp-json\/wp\/v2\/types\/page"}],"author":[{"embeddable":true,"href":"https:\/\/dok-ing.hr\/es\/wp-json\/wp\/v2\/users\/1"}],"replies":[{"embeddable":true,"href":"https:\/\/dok-ing.hr\/es\/wp-json\/wp\/v2\/comments?post=10012"}],"version-history":[{"count":3,"href":"https:\/\/dok-ing.hr\/es\/wp-json\/wp\/v2\/pages\/10012\/revisions"}],"predecessor-version":[{"id":10092,"href":"https:\/\/dok-ing.hr\/es\/wp-json\/wp\/v2\/pages\/10012\/revisions\/10092"}],"wp:attachment":[{"href":"https:\/\/dok-ing.hr\/es\/wp-json\/wp\/v2\/media?parent=10012"}],"curies":[{"name":"wp","href":"https:\/\/api.w.org\/{rel}","templated":true}]}}