{"id":9963,"date":"2020-03-24T12:35:01","date_gmt":"2020-03-24T11:35:01","guid":{"rendered":"https:\/\/dok-ing.hr\/about-us\/"},"modified":"2024-03-27T13:50:21","modified_gmt":"2024-03-27T12:50:21","slug":"sobre-nosotros","status":"publish","type":"page","link":"https:\/\/dok-ing.hr\/es\/dok-ing-about-us\/sobre-nosotros\/","title":{"rendered":"Sobre nosotros"},"content":{"rendered":"<section class=\"wpb-content-wrapper\"><p>[vc_row css_animation=\u00bb\u00bb row_type=\u00bbrow\u00bb use_row_as_full_screen_section=\u00bbno\u00bb type=\u00bbfull_width\u00bb angled_section=\u00bbno\u00bb text_align=\u00bbleft\u00bb background_image_as_pattern=\u00bbwithout_pattern\u00bb z_index=\u00bb\u00bb anchor=\u00bbtop\u00bb][vc_column][vc_row_inner row_type=\u00bbrow\u00bb type=\u00bbgrid\u00bb text_align=\u00bbleft\u00bb css_animation=\u00bb\u00bb css=\u00bb.vc_custom_1602145346798{background-image: url(http:\/\/dok-ing.hr\/wp-content\/uploads\/2020\/10\/dok-ing-company-about.jpg?id=2937) !important;}\u00bb el_class=\u00bbdi-about-middle\u00bb][vc_column_inner][vc_column_text css=\u00bb.vc_custom_1711448482290{padding-top: 40px !important;padding-bottom: 40px !important;background-position: center !important;background-repeat: no-repeat !important;background-size: cover !important;}\u00bb el_class=\u00bbdi-product-main-title\u00bb]<\/p>\n<h1><\/h1>\n<h1><\/h1>\n<h1 style=\"text-transform: uppercase; text-align: center;\">L\u00cdDERES EN DISE\u00d1O Y APLICACI\u00d3N\u2028DE SOLUCIONES<br \/>\nROB\u00d3TICAS PARA AMBIENTES PELIGROSOS,<br \/>\nNOCIVOS Y DA\u00d1INOS<\/h1>\n<p>[\/vc_column_text][\/vc_column_inner][\/vc_row_inner][\/vc_column][\/vc_row][vc_row css_animation=\u00bb\u00bb row_type=\u00bbrow\u00bb use_row_as_full_screen_section=\u00bbno\u00bb type=\u00bbfull_width\u00bb angled_section=\u00bbno\u00bb text_align=\u00bbleft\u00bb background_image_as_pattern=\u00bbwithout_pattern\u00bb][vc_column offset=\u00bbvc_hidden-md vc_hidden-sm vc_hidden-xs\u00bb][vc_empty_space height=\u00bb60px\u00bb][\/vc_column][\/vc_row][vc_row css_animation=\u00bb\u00bb row_type=\u00bbrow\u00bb use_row_as_full_screen_section=\u00bbno\u00bb type=\u00bbgrid\u00bb angled_section=\u00bbno\u00bb text_align=\u00bbleft\u00bb background_image_as_pattern=\u00bbwithout_pattern\u00bb z_index=\u00bb\u00bb][vc_column][vc_empty_space height=\u00bb40px\u00bb][vc_column_text]<\/p>\n<h2>SOBRE NOSOTROS<\/h2>\n<p>[\/vc_column_text][vc_row_inner row_type=\u00bbrow\u00bb type=\u00bbfull_width\u00bb text_align=\u00bbleft\u00bb css_animation=\u00bb\u00bb][vc_column_inner width=\u00bb2\/3&#8243;][vc_empty_space height=\u00bb20px\u00bb][vc_column_text]<span style=\"font-weight: 400;\">DON&#8217;T SEND A MAN TO DO A MACHINE&#8217;S JOB!<\/span><\/p>\n<p>&nbsp;<\/p>\n<p><span style=\"font-weight: 400;\">DOK-ING es una potencia de ingenier\u00eda de rob\u00f3tica de servicio pesado y sistemas aut\u00f3nomos. La empresa es l\u00edder en el mercado internacional y tiene m\u00e1s del 80 % de la cuota de mercado en m\u00e1s de 40 pa\u00edses de todo el mundo. La sede se encuentra en la capital croata, Zagreb, y, adem\u00e1s de la oficina europea, DOK-ING est\u00e1 incorporada en los siguientes continentes: Am\u00e9rica del Norte, \u00c1frica y Asia. En m\u00e1s de 30 a\u00f1os de estar en el negocio, la compa\u00f1\u00eda ha sido reconocida por cambiar el panorama industrial con su enfoque innovador y gan\u00f3 muchos premios internacionales \u00abdoing business and industrial\u00bb en innovaciones y tecnolog\u00edas.\u00a0<\/span><\/p>\n<p>&nbsp;<\/p>\n<p><span style=\"font-weight: 400;\">En pocas palabras, mediante la integraci\u00f3n de sus propias innovaciones y nuevas tecnolog\u00edas, desarrolla y fabrica sistemas rob\u00f3ticos y aut\u00f3nomos para proteger la vida humana y la propiedad en entornos aburridos, sucios y peligrosos, conocidos por los respondedores, principalmente en Ingenier\u00eda Militar, CBRNe, Respuesta a Emergencias y Subterr\u00e1neos. Miner\u00eda.<\/span>[\/vc_column_text][\/vc_column_inner][vc_column_inner width=\u00bb1\/3&#8243;][vc_empty_space height=\u00bb20px\u00bb][vc_column_text]<a href=\"http:\/\/dok-ing.hr\/contacts\/\"><span style=\"font-weight: 400;\">SEDE<\/span><\/a><br \/>\nZagreb, Croacia (Europa)<\/p>\n<p>&nbsp;<\/p>\n<p><a href=\"http:\/\/dok-ing.hr\/contacts\/\"><span style=\"font-weight: 400;\">COMPA\u00d1\u00cdA SUBSIDIARIA<\/span><\/a><br \/>\nSlunj, Croacia (Europa)<\/p>\n<p>&nbsp;<\/p>\n<p><a href=\"http:\/\/dok-ing.hr\/contacts\/\"><span style=\"font-weight: 400;\">SUCURSALES<\/span><\/a><br \/>\nEstados Unidos de Am\u00e9rica<br \/>\nRepublica de Sud\u00e1frica<br \/>\nRep\u00fablica de Corea del Sur<br \/>\nRep\u00fablica Popular de China[\/vc_column_text][\/vc_column_inner][\/vc_row_inner][vc_empty_space height=\u00bb40px\u00bb][\/vc_column][\/vc_row][vc_row css_animation=\u00bb\u00bb row_type=\u00bbrow\u00bb use_row_as_full_screen_section=\u00bbno\u00bb type=\u00bbgrid\u00bb angled_section=\u00bbno\u00bb text_align=\u00bbleft\u00bb background_image_as_pattern=\u00bbwithout_pattern\u00bb z_index=\u00bb\u00bb][vc_column][vc_empty_space height=\u00bb60px\u00bb][vc_column_text]<\/p>\n<h2>NEGOCIO DOK-ING<\/h2>\n<p>[\/vc_column_text][vc_single_image image=\u00bb2922&#8243; img_size=\u00bbfull\u00bb qode_css_animation=\u00bb\u00bb][\/vc_column][\/vc_row][vc_row css_animation=\u00bb\u00bb row_type=\u00bbrow\u00bb use_row_as_full_screen_section=\u00bbno\u00bb type=\u00bbgrid\u00bb angled_section=\u00bbno\u00bb text_align=\u00bbleft\u00bb background_image_as_pattern=\u00bbwithout_pattern\u00bb z_index=\u00bb\u00bb][vc_column][vc_empty_space height=\u00bb80px\u00bb][\/vc_column][\/vc_row][vc_row css_animation=\u00bb\u00bb row_type=\u00bbrow\u00bb use_row_as_full_screen_section=\u00bbno\u00bb type=\u00bbfull_width\u00bb angled_section=\u00bbno\u00bb text_align=\u00bbleft\u00bb background_image_as_pattern=\u00bbwithout_pattern\u00bb][vc_column][vc_single_image image=\u00bb667&#8243; img_size=\u00bbfull\u00bb alignment=\u00bbcenter\u00bb qode_css_animation=\u00bb\u00bb][\/vc_column][\/vc_row]<\/p>\n<\/section>","protected":false},"excerpt":{"rendered":"<p>[vc_row css_animation=\u00bb\u00bb row_type=\u00bbrow\u00bb use_row_as_full_screen_section=\u00bbno\u00bb type=\u00bbfull_width\u00bb angled_section=\u00bbno\u00bb text_align=\u00bbleft\u00bb background_image_as_pattern=\u00bbwithout_pattern\u00bb z_index=\u00bb\u00bb anchor=\u00bbtop\u00bb][vc_column][vc_row_inner row_type=\u00bbrow\u00bb type=\u00bbgrid\u00bb text_align=\u00bbleft\u00bb css_animation=\u00bb\u00bb css=\u00bb.vc_custom_1602145346798{background-image: url(http:\/\/dok-ing.hr\/wp-content\/uploads\/2020\/10\/dok-ing-company-about.jpg?id=2937) !important;}\u00bb el_class=\u00bbdi-about-middle\u00bb][vc_column_inner][vc_column_text css=\u00bb.vc_custom_1711448482290{padding-top: 40px !important;padding-bottom: 40px !important;background-position: center !important;background-repeat: no-repeat !important;background-size: cover !important;}\u00bb el_class=\u00bbdi-product-main-title\u00bb]<\/p>\n<p>L\u00cdDERES EN DISE\u00d1O Y APLICACI\u00d3N\u2028DE SOLUCIONES<br \/>\nROB\u00d3TICAS PARA AMBIENTES PELIGROSOS,<br \/>\nNOCIVOS Y DA\u00d1INOS<br \/>\n[\/vc_column_text][\/vc_column_inner][\/vc_row_inner][\/vc_column][\/vc_row][vc_row css_animation=\u00bb\u00bb row_type=\u00bbrow\u00bb use_row_as_full_screen_section=\u00bbno\u00bb type=\u00bbfull_width\u00bb angled_section=\u00bbno\u00bb text_align=\u00bbleft\u00bb background_image_as_pattern=\u00bbwithout_pattern\u00bb][vc_column offset=\u00bbvc_hidden-md vc_hidden-sm vc_hidden-xs\u00bb][vc_empty_space height=\u00bb60px\u00bb][\/vc_column][\/vc_row][vc_row css_animation=\u00bb\u00bb row_type=\u00bbrow\u00bb use_row_as_full_screen_section=\u00bbno\u00bb type=\u00bbgrid\u00bb angled_section=\u00bbno\u00bb text_align=\u00bbleft\u00bb background_image_as_pattern=\u00bbwithout_pattern\u00bb z_index=\u00bb\u00bb][vc_column][vc_empty_space height=\u00bb40px\u00bb][vc_column_text]<br \/>\nSOBRE NOSOTROS<br \/>\n[\/vc_column_text][vc_row_inner row_type=\u00bbrow\u00bb type=\u00bbfull_width\u00bb text_align=\u00bbleft\u00bb css_animation=\u00bb\u00bb][vc_column_inner width=\u00bb2\/3&#8243;][vc_empty_space height=\u00bb20px\u00bb][vc_column_text]DON&#8217;T SEND A MAN TO DO A MACHINE&#8217;S JOB!<br \/>\n&nbsp;<br \/>\nDOK-ING es una potencia de ingenier\u00eda de rob\u00f3tica de servicio pesado y sistemas aut\u00f3nomos. La empresa es l\u00edder en el mercado internacional y tiene m\u00e1s del 80 % de la cuota de mercado en m\u00e1s de 40 pa\u00edses de todo el mundo. La sede se encuentra en la capital croata, Zagreb, y, adem\u00e1s de la oficina europea, DOK-ING est\u00e1 incorporada en los siguientes continentes: Am\u00e9rica del Norte, \u00c1frica y Asia. En m\u00e1s de 30 a\u00f1os de estar en el negocio, la compa\u00f1\u00eda ha sido reconocida por cambiar el panorama industrial con su enfoque innovador y gan\u00f3 muchos premios internacionales \u00abdoing business and industrial\u00bb en innovaciones y tecnolog\u00edas.\u00a0<br \/>\n&nbsp;<br \/>\nEn pocas palabras, mediante la integraci\u00f3n de sus propias innovaciones y nuevas tecnolog\u00edas, desarrolla y fabrica sistemas rob\u00f3ticos y aut\u00f3nomos para proteger la vida humana y la propiedad en entornos aburridos, sucios y peligrosos, conocidos por los respondedores, principalmente en Ingenier\u00eda Militar, CBRNe, Respuesta a Emergencias y Subterr\u00e1neos. Miner\u00eda.[\/vc_column_text][\/vc_column_inner][vc_column_inner width=\u00bb1\/3&#8243;][vc_empty_space height=\u00bb20px\u00bb][vc_column_text]SEDE<br \/>\nZagreb, Croacia (Europa)<br \/>\n&nbsp;<br \/>\nCOMPA\u00d1\u00cdA SUBSIDIARIA<br \/>\nSlunj, Croacia (Europa)<br \/>\n&nbsp;<br \/>\nSUCURSALES<br \/>\nEstados Unidos de Am\u00e9rica<br \/>\nRepublica de Sud\u00e1frica<br \/>\nRep\u00fablica de Corea del Sur<br \/>\nRep\u00fablica Popular de China[\/vc_column_text][\/vc_column_inner][\/vc_row_inner][vc_empty_space height=\u00bb40px\u00bb][\/vc_column][\/vc_row][vc_row css_animation=\u00bb\u00bb row_type=\u00bbrow\u00bb use_row_as_full_screen_section=\u00bbno\u00bb type=\u00bbgrid\u00bb angled_section=\u00bbno\u00bb text_align=\u00bbleft\u00bb background_image_as_pattern=\u00bbwithout_pattern\u00bb z_index=\u00bb\u00bb][vc_column][vc_empty_space height=\u00bb60px\u00bb][vc_column_text]<br \/>\nNEGOCIO DOK-ING<br \/>\n[\/vc_column_text][vc_single_image image=\u00bb2922&#8243; img_size=\u00bbfull\u00bb qode_css_animation=\u00bb\u00bb][\/vc_column][\/vc_row][vc_row css_animation=\u00bb\u00bb row_type=\u00bbrow\u00bb use_row_as_full_screen_section=\u00bbno\u00bb type=\u00bbgrid\u00bb angled_section=\u00bbno\u00bb text_align=\u00bbleft\u00bb background_image_as_pattern=\u00bbwithout_pattern\u00bb z_index=\u00bb\u00bb][vc_column][vc_empty_space height=\u00bb80px\u00bb][\/vc_column][\/vc_row][vc_row css_animation=\u00bb\u00bb row_type=\u00bbrow\u00bb use_row_as_full_screen_section=\u00bbno\u00bb type=\u00bbfull_width\u00bb angled_section=\u00bbno\u00bb text_align=\u00bbleft\u00bb background_image_as_pattern=\u00bbwithout_pattern\u00bb][vc_column][vc_single_image image=\u00bb667&#8243; img_size=\u00bbfull\u00bb alignment=\u00bbcenter\u00bb qode_css_animation=\u00bb\u00bb][\/vc_column][\/vc_row]<\/p>\n","protected":false},"author":1,"featured_media":7834,"parent":9966,"menu_order":0,"comment_status":"closed","ping_status":"closed","template":"full_width.php","meta":[],"yoast_head":"<!-- This site is optimized with the Yoast SEO plugin v19.11 - https:\/\/yoast.com\/wordpress\/plugins\/seo\/ -->\n<title>Sobre nosotros - DOK-ING<\/title>\n<meta name=\"description\" content=\"DOK-ING is an engineering powerhouse of robotic and autonomous systems for Military Engineering, CBRNE, Emergency Response &amp; Underground Mining. The company\u2019s mission is to protect human lives &amp; property in dangerous environments. It owns 80% of the market share in 40+ countries. DOK-ING is an engineering powerhouse of heavy-duty robotics &amp; 80% of the market share in more than 40 countries globally. Besides the Zagreb office, DOK-ING is incorporated on the following continents: North America, Europe, Africa &amp; Asia. In more than 30 years of being in the business, the company has been recognized for changing the industrial landscape with its innovative approach and won many international &quot;doing business and industrial&quot; awards in innovations and technologies. In a few words, by integrating its own innovations and new technologies, develops and manufactures robotic and autonomous systems to protect human lives &amp; property in dull dirty and dangerous environments, known to responders, primarily in Military Engineering, CBRNE, Emergency Response &amp; Underground Mining.\" \/>\n<meta name=\"robots\" content=\"index, follow, max-snippet:-1, max-image-preview:large, max-video-preview:-1\" \/>\n<link rel=\"canonical\" href=\"https:\/\/dok-ing.hr\/es\/dok-ing-about-us\/sobre-nosotros\/\" \/>\n<meta property=\"og:locale\" content=\"es_ES\" \/>\n<meta property=\"og:type\" content=\"article\" \/>\n<meta property=\"og:title\" content=\"Sobre nosotros - DOK-ING\" \/>\n<meta property=\"og:description\" content=\"DOK-ING is an engineering powerhouse of robotic and autonomous systems for Military Engineering, CBRNE, Emergency Response &amp; Underground Mining. The company\u2019s mission is to protect human lives &amp; property in dangerous environments. It owns 80% of the market share in 40+ countries. DOK-ING is an engineering powerhouse of heavy-duty robotics &amp; 80% of the market share in more than 40 countries globally. Besides the Zagreb office, DOK-ING is incorporated on the following continents: North America, Europe, Africa &amp; Asia. In more than 30 years of being in the business, the company has been recognized for changing the industrial landscape with its innovative approach and won many international &quot;doing business and industrial&quot; awards in innovations and technologies. In a few words, by integrating its own innovations and new technologies, develops and manufactures robotic and autonomous systems to protect human lives &amp; property in dull dirty and dangerous environments, known to responders, primarily in Military Engineering, CBRNE, Emergency Response &amp; Underground Mining.\" \/>\n<meta property=\"og:url\" content=\"https:\/\/dok-ing.hr\/es\/dok-ing-about-us\/sobre-nosotros\/\" \/>\n<meta property=\"og:site_name\" content=\"DOK-ING\" \/>\n<meta property=\"article:publisher\" content=\"https:\/\/www.facebook.com\/doking.ltd\/\" \/>\n<meta property=\"article:modified_time\" content=\"2024-03-27T12:50:21+00:00\" \/>\n<meta property=\"og:image\" content=\"https:\/\/dok-ing.hr\/wp-content\/uploads\/2022\/03\/nre-support-05.jpg\" \/>\n\t<meta property=\"og:image:width\" content=\"1600\" \/>\n\t<meta property=\"og:image:height\" content=\"1200\" \/>\n\t<meta property=\"og:image:type\" content=\"image\/jpeg\" \/>\n<meta name=\"twitter:card\" content=\"summary_large_image\" \/>\n<meta name=\"twitter:label1\" content=\"Tiempo de lectura\" \/>\n\t<meta name=\"twitter:data1\" content=\"2 minutos\" \/>\n<script type=\"application\/ld+json\" class=\"yoast-schema-graph\">{\"@context\":\"https:\/\/schema.org\",\"@graph\":[{\"@type\":\"WebPage\",\"@id\":\"https:\/\/dok-ing.hr\/es\/dok-ing-about-us\/sobre-nosotros\/\",\"url\":\"https:\/\/dok-ing.hr\/es\/dok-ing-about-us\/sobre-nosotros\/\",\"name\":\"Sobre nosotros - DOK-ING\",\"isPartOf\":{\"@id\":\"https:\/\/dok-ing.hr\/es\/#website\"},\"datePublished\":\"2020-03-24T11:35:01+00:00\",\"dateModified\":\"2024-03-27T12:50:21+00:00\",\"description\":\"DOK-ING is an engineering powerhouse of robotic and autonomous systems for Military Engineering, CBRNE, Emergency Response & Underground Mining. The company\u2019s mission is to protect human lives & property in dangerous environments. It owns 80% of the market share in 40+ countries. DOK-ING is an engineering powerhouse of heavy-duty robotics & 80% of the market share in more than 40 countries globally. Besides the Zagreb office, DOK-ING is incorporated on the following continents: North America, Europe, Africa & Asia. In more than 30 years of being in the business, the company has been recognized for changing the industrial landscape with its innovative approach and won many international \\\"doing business and industrial\\\" awards in innovations and technologies. In a few words, by integrating its own innovations and new technologies, develops and manufactures robotic and autonomous systems to protect human lives & property in dull dirty and dangerous environments, known to responders, primarily in Military Engineering, CBRNE, Emergency Response & Underground Mining.\",\"breadcrumb\":{\"@id\":\"https:\/\/dok-ing.hr\/es\/dok-ing-about-us\/sobre-nosotros\/#breadcrumb\"},\"inLanguage\":\"es\",\"potentialAction\":[{\"@type\":\"ReadAction\",\"target\":[\"https:\/\/dok-ing.hr\/es\/dok-ing-about-us\/sobre-nosotros\/\"]}]},{\"@type\":\"BreadcrumbList\",\"@id\":\"https:\/\/dok-ing.hr\/es\/dok-ing-about-us\/sobre-nosotros\/#breadcrumb\",\"itemListElement\":[{\"@type\":\"ListItem\",\"position\":1,\"name\":\"Home\",\"item\":\"https:\/\/dok-ing.hr\/es\/\"},{\"@type\":\"ListItem\",\"position\":2,\"name\":\"Compa\u00f1\u00eda\",\"item\":\"https:\/\/dok-ing.hr\/es\/\"},{\"@type\":\"ListItem\",\"position\":3,\"name\":\"Sobre nosotros\"}]},{\"@type\":\"WebSite\",\"@id\":\"https:\/\/dok-ing.hr\/es\/#website\",\"url\":\"https:\/\/dok-ing.hr\/es\/\",\"name\":\"DOK-ING\",\"description\":\"Don&#039;t send a man to do a machine&#039;s job\",\"publisher\":{\"@id\":\"https:\/\/dok-ing.hr\/es\/#organization\"},\"potentialAction\":[{\"@type\":\"SearchAction\",\"target\":{\"@type\":\"EntryPoint\",\"urlTemplate\":\"https:\/\/dok-ing.hr\/es\/?s={search_term_string}\"},\"query-input\":\"required name=search_term_string\"}],\"inLanguage\":\"es\"},{\"@type\":\"Organization\",\"@id\":\"https:\/\/dok-ing.hr\/es\/#organization\",\"name\":\"DOK-ING Ltd.\",\"url\":\"https:\/\/dok-ing.hr\/es\/\",\"logo\":{\"@type\":\"ImageObject\",\"inLanguage\":\"es\",\"@id\":\"https:\/\/dok-ing.hr\/es\/#\/schema\/logo\/image\/\",\"url\":\"https:\/\/dok-ing.hr\/wp-content\/uploads\/2020\/11\/favicon.png\",\"contentUrl\":\"https:\/\/dok-ing.hr\/wp-content\/uploads\/2020\/11\/favicon.png\",\"width\":512,\"height\":512,\"caption\":\"DOK-ING Ltd.\"},\"image\":{\"@id\":\"https:\/\/dok-ing.hr\/es\/#\/schema\/logo\/image\/\"},\"sameAs\":[\"https:\/\/www.instagram.com\/dok__ing\/\",\"https:\/\/www.linkedin.com\/company\/dok-ing\",\"https:\/\/www.youtube.com\/user\/DOKINGltd\",\"https:\/\/www.facebook.com\/doking.ltd\/\"]}]}<\/script>\n<!-- \/ Yoast SEO plugin. -->","yoast_head_json":{"title":"Sobre nosotros - DOK-ING","description":"DOK-ING is an engineering powerhouse of robotic and autonomous systems for Military Engineering, CBRNE, Emergency Response & Underground Mining. The company\u2019s mission is to protect human lives & property in dangerous environments. It owns 80% of the market share in 40+ countries. DOK-ING is an engineering powerhouse of heavy-duty robotics & 80% of the market share in more than 40 countries globally. Besides the Zagreb office, DOK-ING is incorporated on the following continents: North America, Europe, Africa & Asia. In more than 30 years of being in the business, the company has been recognized for changing the industrial landscape with its innovative approach and won many international \"doing business and industrial\" awards in innovations and technologies. In a few words, by integrating its own innovations and new technologies, develops and manufactures robotic and autonomous systems to protect human lives & property in dull dirty and dangerous environments, known to responders, primarily in Military Engineering, CBRNE, Emergency Response & Underground Mining.","robots":{"index":"index","follow":"follow","max-snippet":"max-snippet:-1","max-image-preview":"max-image-preview:large","max-video-preview":"max-video-preview:-1"},"canonical":"https:\/\/dok-ing.hr\/es\/dok-ing-about-us\/sobre-nosotros\/","og_locale":"es_ES","og_type":"article","og_title":"Sobre nosotros - DOK-ING","og_description":"DOK-ING is an engineering powerhouse of robotic and autonomous systems for Military Engineering, CBRNE, Emergency Response & Underground Mining. The company\u2019s mission is to protect human lives & property in dangerous environments. It owns 80% of the market share in 40+ countries. DOK-ING is an engineering powerhouse of heavy-duty robotics & 80% of the market share in more than 40 countries globally. Besides the Zagreb office, DOK-ING is incorporated on the following continents: North America, Europe, Africa & Asia. In more than 30 years of being in the business, the company has been recognized for changing the industrial landscape with its innovative approach and won many international \"doing business and industrial\" awards in innovations and technologies. In a few words, by integrating its own innovations and new technologies, develops and manufactures robotic and autonomous systems to protect human lives & property in dull dirty and dangerous environments, known to responders, primarily in Military Engineering, CBRNE, Emergency Response & Underground Mining.","og_url":"https:\/\/dok-ing.hr\/es\/dok-ing-about-us\/sobre-nosotros\/","og_site_name":"DOK-ING","article_publisher":"https:\/\/www.facebook.com\/doking.ltd\/","article_modified_time":"2024-03-27T12:50:21+00:00","og_image":[{"width":1600,"height":1200,"url":"https:\/\/dok-ing.hr\/wp-content\/uploads\/2022\/03\/nre-support-05.jpg","type":"image\/jpeg"}],"twitter_card":"summary_large_image","twitter_misc":{"Tiempo de lectura":"2 minutos"},"schema":{"@context":"https:\/\/schema.org","@graph":[{"@type":"WebPage","@id":"https:\/\/dok-ing.hr\/es\/dok-ing-about-us\/sobre-nosotros\/","url":"https:\/\/dok-ing.hr\/es\/dok-ing-about-us\/sobre-nosotros\/","name":"Sobre nosotros - DOK-ING","isPartOf":{"@id":"https:\/\/dok-ing.hr\/es\/#website"},"datePublished":"2020-03-24T11:35:01+00:00","dateModified":"2024-03-27T12:50:21+00:00","description":"DOK-ING is an engineering powerhouse of robotic and autonomous systems for Military Engineering, CBRNE, Emergency Response & Underground Mining. The company\u2019s mission is to protect human lives & property in dangerous environments. It owns 80% of the market share in 40+ countries. DOK-ING is an engineering powerhouse of heavy-duty robotics & 80% of the market share in more than 40 countries globally. Besides the Zagreb office, DOK-ING is incorporated on the following continents: North America, Europe, Africa & Asia. In more than 30 years of being in the business, the company has been recognized for changing the industrial landscape with its innovative approach and won many international \"doing business and industrial\" awards in innovations and technologies. In a few words, by integrating its own innovations and new technologies, develops and manufactures robotic and autonomous systems to protect human lives & property in dull dirty and dangerous environments, known to responders, primarily in Military Engineering, CBRNE, Emergency Response & Underground Mining.","breadcrumb":{"@id":"https:\/\/dok-ing.hr\/es\/dok-ing-about-us\/sobre-nosotros\/#breadcrumb"},"inLanguage":"es","potentialAction":[{"@type":"ReadAction","target":["https:\/\/dok-ing.hr\/es\/dok-ing-about-us\/sobre-nosotros\/"]}]},{"@type":"BreadcrumbList","@id":"https:\/\/dok-ing.hr\/es\/dok-ing-about-us\/sobre-nosotros\/#breadcrumb","itemListElement":[{"@type":"ListItem","position":1,"name":"Home","item":"https:\/\/dok-ing.hr\/es\/"},{"@type":"ListItem","position":2,"name":"Compa\u00f1\u00eda","item":"https:\/\/dok-ing.hr\/es\/"},{"@type":"ListItem","position":3,"name":"Sobre nosotros"}]},{"@type":"WebSite","@id":"https:\/\/dok-ing.hr\/es\/#website","url":"https:\/\/dok-ing.hr\/es\/","name":"DOK-ING","description":"Don&#039;t send a man to do a machine&#039;s job","publisher":{"@id":"https:\/\/dok-ing.hr\/es\/#organization"},"potentialAction":[{"@type":"SearchAction","target":{"@type":"EntryPoint","urlTemplate":"https:\/\/dok-ing.hr\/es\/?s={search_term_string}"},"query-input":"required name=search_term_string"}],"inLanguage":"es"},{"@type":"Organization","@id":"https:\/\/dok-ing.hr\/es\/#organization","name":"DOK-ING Ltd.","url":"https:\/\/dok-ing.hr\/es\/","logo":{"@type":"ImageObject","inLanguage":"es","@id":"https:\/\/dok-ing.hr\/es\/#\/schema\/logo\/image\/","url":"https:\/\/dok-ing.hr\/wp-content\/uploads\/2020\/11\/favicon.png","contentUrl":"https:\/\/dok-ing.hr\/wp-content\/uploads\/2020\/11\/favicon.png","width":512,"height":512,"caption":"DOK-ING Ltd."},"image":{"@id":"https:\/\/dok-ing.hr\/es\/#\/schema\/logo\/image\/"},"sameAs":["https:\/\/www.instagram.com\/dok__ing\/","https:\/\/www.linkedin.com\/company\/dok-ing","https:\/\/www.youtube.com\/user\/DOKINGltd","https:\/\/www.facebook.com\/doking.ltd\/"]}]}},"_links":{"self":[{"href":"https:\/\/dok-ing.hr\/es\/wp-json\/wp\/v2\/pages\/9963"}],"collection":[{"href":"https:\/\/dok-ing.hr\/es\/wp-json\/wp\/v2\/pages"}],"about":[{"href":"https:\/\/dok-ing.hr\/es\/wp-json\/wp\/v2\/types\/page"}],"author":[{"embeddable":true,"href":"https:\/\/dok-ing.hr\/es\/wp-json\/wp\/v2\/users\/1"}],"replies":[{"embeddable":true,"href":"https:\/\/dok-ing.hr\/es\/wp-json\/wp\/v2\/comments?post=9963"}],"version-history":[{"count":3,"href":"https:\/\/dok-ing.hr\/es\/wp-json\/wp\/v2\/pages\/9963\/revisions"}],"predecessor-version":[{"id":10044,"href":"https:\/\/dok-ing.hr\/es\/wp-json\/wp\/v2\/pages\/9963\/revisions\/10044"}],"up":[{"embeddable":true,"href":"https:\/\/dok-ing.hr\/es\/wp-json\/wp\/v2\/pages\/9966"}],"wp:featuredmedia":[{"embeddable":true,"href":"https:\/\/dok-ing.hr\/es\/wp-json\/wp\/v2\/media\/7834"}],"wp:attachment":[{"href":"https:\/\/dok-ing.hr\/es\/wp-json\/wp\/v2\/media?parent=9963"}],"curies":[{"name":"wp","href":"https:\/\/api.w.org\/{rel}","templated":true}]}}