{"id":9972,"date":"2020-07-08T11:42:28","date_gmt":"2020-07-08T09:42:28","guid":{"rendered":"https:\/\/dok-ing.hr\/dok-ing-about-us\/legal-info\/"},"modified":"2024-03-27T13:52:35","modified_gmt":"2024-03-27T12:52:35","slug":"informacion-legal","status":"publish","type":"page","link":"https:\/\/dok-ing.hr\/es\/dok-ing-about-us\/informacion-legal\/","title":{"rendered":"Informaci\u00f3n legal"},"content":{"rendered":"<section class=\"wpb-content-wrapper\"><p>[vc_row css_animation=\u00bb\u00bb row_type=\u00bbrow\u00bb use_row_as_full_screen_section=\u00bbno\u00bb type=\u00bbgrid\u00bb angled_section=\u00bbno\u00bb text_align=\u00bbleft\u00bb background_image_as_pattern=\u00bbwithout_pattern\u00bb z_index=\u00bb\u00bb][vc_column][vc_column_text css=\u00bb.vc_custom_1711455500073{padding-bottom: 10px !important;}\u00bb]<\/p>\n<h2>INFORMACI\u00d3N LEGAL<\/h2>\n<p>[\/vc_column_text][\/vc_column][\/vc_row][vc_row css_animation=\u00bb\u00bb row_type=\u00bbrow\u00bb use_row_as_full_screen_section=\u00bbno\u00bb type=\u00bbgrid\u00bb angled_section=\u00bbno\u00bb text_align=\u00bbleft\u00bb background_image_as_pattern=\u00bbwithout_pattern\u00bb z_index=\u00bb\u00bb][vc_column][vc_empty_space height=\u00bb40px\u00bb][vc_row_inner row_type=\u00bbrow\u00bb type=\u00bbfull_width\u00bb text_align=\u00bbleft\u00bb css_animation=\u00bb\u00bb][vc_column_inner width=\u00bb1\/3&#8243;][vc_column_text]<strong>Nombre de la empresa:<\/strong> DOK-ING d.o.o.<br \/>\n<strong>Sede:<\/strong> Slavonska avenija 22 G, 10000 Zagreb, Croatia<br \/>\n<strong>MBS:<\/strong> 080200137, the company is registered at the Commercial Court in Zagreb<br \/>\n<strong>OIB:<\/strong> 39982657045<br \/>\n<strong>N\u00famero de IVA:<\/strong> HR39982657045<br \/>\n<strong>Capital social:<\/strong> 12.297.430,00 EUR paid in full<br \/>\n<strong>Presidente del Consejo de Administraci\u00f3n:<\/strong><br \/>\nMarijo Grgurinovi\u0107<br \/>\n<strong>Miembros del Consejo:<br \/>\n<\/strong>Gordan Pe\u0161i\u0107, Ante Baki\u0107<br \/>\n<strong>Presidente de la Junta Supervisora:<\/strong><br \/>\nVjekoslav Majeti\u0107[\/vc_column_text][\/vc_column_inner][vc_column_inner width=\u00bb1\/3&#8243;][vc_column_text][\/vc_column_text][\/vc_column_inner][vc_column_inner width=\u00bb1\/3&#8243;][vc_column_text]<iframe loading=\"lazy\" style=\"border: 0;\" tabindex=\"0\" src=\"https:\/\/www.google.com\/maps\/embed?pb=!1m18!1m12!1m3!1d22261.043931793534!2d15.989422254666048!3d45.77859506276819!2m3!1f0!2f0!3f0!3m2!1i1024!2i768!4f13.1!3m3!1m2!1s0x47667ef06fa71d2f%3A0xaa5f89525f1eedac!2sDok-Ing!5e0!3m2!1sen!2shr!4v1590396799715!5m2!1sen!2shr\" width=\"100%\" height=\"320\" frameborder=\"0\" allowfullscreen=\"allowfullscreen\" aria-hidden=\"false\"><\/iframe>[\/vc_column_text][vc_empty_space height=\u00bb10px\u00bb][vc_column_text]<a href=\"#\" target=\"_blank\" rel=\"noopener noreferrer\"><strong>View larger map<\/strong><\/a>[\/vc_column_text][\/vc_column_inner][\/vc_row_inner][vc_empty_space height=\u00bb30px\u00bb css=\u00bb.vc_custom_1590396734990{border-bottom-width: 1px !important;border-bottom-color: #dd3333 !important;border-bottom-style: solid !important;}\u00bb][vc_empty_space height=\u00bb50px\u00bb][\/vc_column][\/vc_row]<\/p>\n<\/section>","protected":false},"excerpt":{"rendered":"<p>[vc_row css_animation=\u00bb\u00bb row_type=\u00bbrow\u00bb use_row_as_full_screen_section=\u00bbno\u00bb type=\u00bbgrid\u00bb angled_section=\u00bbno\u00bb text_align=\u00bbleft\u00bb background_image_as_pattern=\u00bbwithout_pattern\u00bb z_index=\u00bb\u00bb][vc_column][vc_column_text css=\u00bb.vc_custom_1711455500073{padding-bottom: 10px !important;}\u00bb]<br \/>\nINFORMACI\u00d3N LEGAL<br \/>\n[\/vc_column_text][\/vc_column][\/vc_row][vc_row css_animation=\u00bb\u00bb row_type=\u00bbrow\u00bb use_row_as_full_screen_section=\u00bbno\u00bb type=\u00bbgrid\u00bb angled_section=\u00bbno\u00bb text_align=\u00bbleft\u00bb background_image_as_pattern=\u00bbwithout_pattern\u00bb z_index=\u00bb\u00bb][vc_column][vc_empty_space height=\u00bb40px\u00bb][vc_row_inner row_type=\u00bbrow\u00bb type=\u00bbfull_width\u00bb text_align=\u00bbleft\u00bb css_animation=\u00bb\u00bb][vc_column_inner width=\u00bb1\/3&#8243;][vc_column_text]Nombre de la empresa: DOK-ING d.o.o.<br \/>\nSede: Slavonska avenija 22 G, 10000 Zagreb, Croatia<br \/>\nMBS: 080200137, the company is registered at the Commercial Court in Zagreb<br \/>\nOIB: 39982657045<br \/>\nN\u00famero de IVA: HR39982657045<br \/>\nCapital social: 12.297.430,00 EUR paid in full<br \/>\nPresidente del Consejo de Administraci\u00f3n:<br \/>\nMarijo Grgurinovi\u0107<br \/>\nMiembros del Consejo:<br \/>\nGordan Pe\u0161i\u0107, Ante Baki\u0107<br \/>\nPresidente de la Junta Supervisora:<br \/>\nVjekoslav Majeti\u0107[\/vc_column_text][\/vc_column_inner][vc_column_inner width=\u00bb1\/3&#8243;][vc_column_text][\/vc_column_text][\/vc_column_inner][vc_column_inner width=\u00bb1\/3&#8243;][vc_column_text][\/vc_column_text][vc_empty_space height=\u00bb10px\u00bb][vc_column_text]View larger map[\/vc_column_text][\/vc_column_inner][\/vc_row_inner][vc_empty_space height=\u00bb30px\u00bb css=\u00bb.vc_custom_1590396734990{border-bottom-width: 1px !important;border-bottom-color: #dd3333 !important;border-bottom-style: solid !important;}\u00bb][vc_empty_space height=\u00bb50px\u00bb][\/vc_column][\/vc_row]<\/p>\n","protected":false},"author":1,"featured_media":0,"parent":9966,"menu_order":0,"comment_status":"closed","ping_status":"closed","template":"full_width.php","meta":[],"yoast_head":"<!-- This site is optimized with the Yoast SEO plugin v19.11 - https:\/\/yoast.com\/wordpress\/plugins\/seo\/ -->\n<title>Informaci\u00f3n legal - DOK-ING<\/title>\n<meta name=\"robots\" content=\"index, follow, max-snippet:-1, max-image-preview:large, max-video-preview:-1\" \/>\n<link rel=\"canonical\" href=\"https:\/\/dok-ing.hr\/es\/dok-ing-about-us\/informacion-legal\/\" \/>\n<meta property=\"og:locale\" content=\"es_ES\" \/>\n<meta property=\"og:type\" content=\"article\" \/>\n<meta property=\"og:title\" content=\"Informaci\u00f3n legal - DOK-ING\" \/>\n<meta property=\"og:description\" content=\"[vc_row css_animation=\u00bb\u00bb row_type=\u00bbrow\u00bb use_row_as_full_screen_section=\u00bbno\u00bb type=\u00bbgrid\u00bb angled_section=\u00bbno\u00bb text_align=\u00bbleft\u00bb background_image_as_pattern=\u00bbwithout_pattern\u00bb z_index=\u00bb\u00bb][vc_column][vc_column_text css=\u00bb.vc_custom_1711455500073{padding-bottom: 10px !important;}\u00bb] INFORMACI\u00d3N LEGAL [\/vc_column_text][\/vc_column][\/vc_row][vc_row css_animation=\u00bb\u00bb row_type=\u00bbrow\u00bb use_row_as_full_screen_section=\u00bbno\u00bb type=\u00bbgrid\u00bb angled_section=\u00bbno\u00bb text_align=\u00bbleft\u00bb background_image_as_pattern=\u00bbwithout_pattern\u00bb z_index=\u00bb\u00bb][vc_column][vc_empty_space height=\u00bb40px\u00bb][vc_row_inner row_type=\u00bbrow\u00bb type=\u00bbfull_width\u00bb text_align=\u00bbleft\u00bb css_animation=\u00bb\u00bb][vc_column_inner width=\u00bb1\/3&#8243;][vc_column_text]Nombre de la empresa: DOK-ING d.o.o. Sede: Slavonska avenija 22 G, 10000 Zagreb, Croatia MBS: 080200137, the company is registered at the Commercial Court in Zagreb OIB: 39982657045 N\u00famero de IVA: HR39982657045 Capital social: 12.297.430,00 EUR paid in full Presidente del Consejo de Administraci\u00f3n: Marijo Grgurinovi\u0107 Miembros del Consejo: Gordan Pe\u0161i\u0107, Ante Baki\u0107 Presidente de la Junta Supervisora: Vjekoslav Majeti\u0107[\/vc_column_text][\/vc_column_inner][vc_column_inner width=\u00bb1\/3&#8243;][vc_column_text][\/vc_column_text][\/vc_column_inner][vc_column_inner width=\u00bb1\/3&#8243;][vc_column_text][\/vc_column_text][vc_empty_space height=\u00bb10px\u00bb][vc_column_text]View larger map[\/vc_column_text][\/vc_column_inner][\/vc_row_inner][vc_empty_space height=\u00bb30px\u00bb css=\u00bb.vc_custom_1590396734990{border-bottom-width: 1px !important;border-bottom-color: #dd3333 !important;border-bottom-style: solid !important;}\u00bb][vc_empty_space height=\u00bb50px\u00bb][\/vc_column][\/vc_row]\" \/>\n<meta property=\"og:url\" content=\"https:\/\/dok-ing.hr\/es\/dok-ing-about-us\/informacion-legal\/\" \/>\n<meta property=\"og:site_name\" content=\"DOK-ING\" \/>\n<meta property=\"article:publisher\" content=\"https:\/\/www.facebook.com\/doking.ltd\/\" \/>\n<meta property=\"article:modified_time\" content=\"2024-03-27T12:52:35+00:00\" \/>\n<meta name=\"twitter:card\" content=\"summary_large_image\" \/>\n<meta name=\"twitter:label1\" content=\"Tiempo de lectura\" \/>\n\t<meta name=\"twitter:data1\" content=\"1 minuto\" \/>\n<script type=\"application\/ld+json\" class=\"yoast-schema-graph\">{\"@context\":\"https:\/\/schema.org\",\"@graph\":[{\"@type\":\"WebPage\",\"@id\":\"https:\/\/dok-ing.hr\/es\/dok-ing-about-us\/informacion-legal\/\",\"url\":\"https:\/\/dok-ing.hr\/es\/dok-ing-about-us\/informacion-legal\/\",\"name\":\"Informaci\u00f3n legal - DOK-ING\",\"isPartOf\":{\"@id\":\"https:\/\/dok-ing.hr\/es\/#website\"},\"datePublished\":\"2020-07-08T09:42:28+00:00\",\"dateModified\":\"2024-03-27T12:52:35+00:00\",\"breadcrumb\":{\"@id\":\"https:\/\/dok-ing.hr\/es\/dok-ing-about-us\/informacion-legal\/#breadcrumb\"},\"inLanguage\":\"es\",\"potentialAction\":[{\"@type\":\"ReadAction\",\"target\":[\"https:\/\/dok-ing.hr\/es\/dok-ing-about-us\/informacion-legal\/\"]}]},{\"@type\":\"BreadcrumbList\",\"@id\":\"https:\/\/dok-ing.hr\/es\/dok-ing-about-us\/informacion-legal\/#breadcrumb\",\"itemListElement\":[{\"@type\":\"ListItem\",\"position\":1,\"name\":\"Home\",\"item\":\"https:\/\/dok-ing.hr\/es\/\"},{\"@type\":\"ListItem\",\"position\":2,\"name\":\"Compa\u00f1\u00eda\",\"item\":\"https:\/\/dok-ing.hr\/es\/\"},{\"@type\":\"ListItem\",\"position\":3,\"name\":\"Informaci\u00f3n legal\"}]},{\"@type\":\"WebSite\",\"@id\":\"https:\/\/dok-ing.hr\/es\/#website\",\"url\":\"https:\/\/dok-ing.hr\/es\/\",\"name\":\"DOK-ING\",\"description\":\"Don&#039;t send a man to do a machine&#039;s job\",\"publisher\":{\"@id\":\"https:\/\/dok-ing.hr\/es\/#organization\"},\"potentialAction\":[{\"@type\":\"SearchAction\",\"target\":{\"@type\":\"EntryPoint\",\"urlTemplate\":\"https:\/\/dok-ing.hr\/es\/?s={search_term_string}\"},\"query-input\":\"required name=search_term_string\"}],\"inLanguage\":\"es\"},{\"@type\":\"Organization\",\"@id\":\"https:\/\/dok-ing.hr\/es\/#organization\",\"name\":\"DOK-ING Ltd.\",\"url\":\"https:\/\/dok-ing.hr\/es\/\",\"logo\":{\"@type\":\"ImageObject\",\"inLanguage\":\"es\",\"@id\":\"https:\/\/dok-ing.hr\/es\/#\/schema\/logo\/image\/\",\"url\":\"https:\/\/dok-ing.hr\/wp-content\/uploads\/2020\/11\/favicon.png\",\"contentUrl\":\"https:\/\/dok-ing.hr\/wp-content\/uploads\/2020\/11\/favicon.png\",\"width\":512,\"height\":512,\"caption\":\"DOK-ING Ltd.\"},\"image\":{\"@id\":\"https:\/\/dok-ing.hr\/es\/#\/schema\/logo\/image\/\"},\"sameAs\":[\"https:\/\/www.instagram.com\/dok__ing\/\",\"https:\/\/www.linkedin.com\/company\/dok-ing\",\"https:\/\/www.youtube.com\/user\/DOKINGltd\",\"https:\/\/www.facebook.com\/doking.ltd\/\"]}]}<\/script>\n<!-- \/ Yoast SEO plugin. -->","yoast_head_json":{"title":"Informaci\u00f3n legal - DOK-ING","robots":{"index":"index","follow":"follow","max-snippet":"max-snippet:-1","max-image-preview":"max-image-preview:large","max-video-preview":"max-video-preview:-1"},"canonical":"https:\/\/dok-ing.hr\/es\/dok-ing-about-us\/informacion-legal\/","og_locale":"es_ES","og_type":"article","og_title":"Informaci\u00f3n legal - DOK-ING","og_description":"[vc_row css_animation=\u00bb\u00bb row_type=\u00bbrow\u00bb use_row_as_full_screen_section=\u00bbno\u00bb type=\u00bbgrid\u00bb angled_section=\u00bbno\u00bb text_align=\u00bbleft\u00bb background_image_as_pattern=\u00bbwithout_pattern\u00bb z_index=\u00bb\u00bb][vc_column][vc_column_text css=\u00bb.vc_custom_1711455500073{padding-bottom: 10px !important;}\u00bb] INFORMACI\u00d3N LEGAL [\/vc_column_text][\/vc_column][\/vc_row][vc_row css_animation=\u00bb\u00bb row_type=\u00bbrow\u00bb use_row_as_full_screen_section=\u00bbno\u00bb type=\u00bbgrid\u00bb angled_section=\u00bbno\u00bb text_align=\u00bbleft\u00bb background_image_as_pattern=\u00bbwithout_pattern\u00bb z_index=\u00bb\u00bb][vc_column][vc_empty_space height=\u00bb40px\u00bb][vc_row_inner row_type=\u00bbrow\u00bb type=\u00bbfull_width\u00bb text_align=\u00bbleft\u00bb css_animation=\u00bb\u00bb][vc_column_inner width=\u00bb1\/3&#8243;][vc_column_text]Nombre de la empresa: DOK-ING d.o.o. Sede: Slavonska avenija 22 G, 10000 Zagreb, Croatia MBS: 080200137, the company is registered at the Commercial Court in Zagreb OIB: 39982657045 N\u00famero de IVA: HR39982657045 Capital social: 12.297.430,00 EUR paid in full Presidente del Consejo de Administraci\u00f3n: Marijo Grgurinovi\u0107 Miembros del Consejo: Gordan Pe\u0161i\u0107, Ante Baki\u0107 Presidente de la Junta Supervisora: Vjekoslav Majeti\u0107[\/vc_column_text][\/vc_column_inner][vc_column_inner width=\u00bb1\/3&#8243;][vc_column_text][\/vc_column_text][\/vc_column_inner][vc_column_inner width=\u00bb1\/3&#8243;][vc_column_text][\/vc_column_text][vc_empty_space height=\u00bb10px\u00bb][vc_column_text]View larger map[\/vc_column_text][\/vc_column_inner][\/vc_row_inner][vc_empty_space height=\u00bb30px\u00bb css=\u00bb.vc_custom_1590396734990{border-bottom-width: 1px !important;border-bottom-color: #dd3333 !important;border-bottom-style: solid !important;}\u00bb][vc_empty_space height=\u00bb50px\u00bb][\/vc_column][\/vc_row]","og_url":"https:\/\/dok-ing.hr\/es\/dok-ing-about-us\/informacion-legal\/","og_site_name":"DOK-ING","article_publisher":"https:\/\/www.facebook.com\/doking.ltd\/","article_modified_time":"2024-03-27T12:52:35+00:00","twitter_card":"summary_large_image","twitter_misc":{"Tiempo de lectura":"1 minuto"},"schema":{"@context":"https:\/\/schema.org","@graph":[{"@type":"WebPage","@id":"https:\/\/dok-ing.hr\/es\/dok-ing-about-us\/informacion-legal\/","url":"https:\/\/dok-ing.hr\/es\/dok-ing-about-us\/informacion-legal\/","name":"Informaci\u00f3n legal - DOK-ING","isPartOf":{"@id":"https:\/\/dok-ing.hr\/es\/#website"},"datePublished":"2020-07-08T09:42:28+00:00","dateModified":"2024-03-27T12:52:35+00:00","breadcrumb":{"@id":"https:\/\/dok-ing.hr\/es\/dok-ing-about-us\/informacion-legal\/#breadcrumb"},"inLanguage":"es","potentialAction":[{"@type":"ReadAction","target":["https:\/\/dok-ing.hr\/es\/dok-ing-about-us\/informacion-legal\/"]}]},{"@type":"BreadcrumbList","@id":"https:\/\/dok-ing.hr\/es\/dok-ing-about-us\/informacion-legal\/#breadcrumb","itemListElement":[{"@type":"ListItem","position":1,"name":"Home","item":"https:\/\/dok-ing.hr\/es\/"},{"@type":"ListItem","position":2,"name":"Compa\u00f1\u00eda","item":"https:\/\/dok-ing.hr\/es\/"},{"@type":"ListItem","position":3,"name":"Informaci\u00f3n legal"}]},{"@type":"WebSite","@id":"https:\/\/dok-ing.hr\/es\/#website","url":"https:\/\/dok-ing.hr\/es\/","name":"DOK-ING","description":"Don&#039;t send a man to do a machine&#039;s job","publisher":{"@id":"https:\/\/dok-ing.hr\/es\/#organization"},"potentialAction":[{"@type":"SearchAction","target":{"@type":"EntryPoint","urlTemplate":"https:\/\/dok-ing.hr\/es\/?s={search_term_string}"},"query-input":"required name=search_term_string"}],"inLanguage":"es"},{"@type":"Organization","@id":"https:\/\/dok-ing.hr\/es\/#organization","name":"DOK-ING Ltd.","url":"https:\/\/dok-ing.hr\/es\/","logo":{"@type":"ImageObject","inLanguage":"es","@id":"https:\/\/dok-ing.hr\/es\/#\/schema\/logo\/image\/","url":"https:\/\/dok-ing.hr\/wp-content\/uploads\/2020\/11\/favicon.png","contentUrl":"https:\/\/dok-ing.hr\/wp-content\/uploads\/2020\/11\/favicon.png","width":512,"height":512,"caption":"DOK-ING Ltd."},"image":{"@id":"https:\/\/dok-ing.hr\/es\/#\/schema\/logo\/image\/"},"sameAs":["https:\/\/www.instagram.com\/dok__ing\/","https:\/\/www.linkedin.com\/company\/dok-ing","https:\/\/www.youtube.com\/user\/DOKINGltd","https:\/\/www.facebook.com\/doking.ltd\/"]}]}},"_links":{"self":[{"href":"https:\/\/dok-ing.hr\/es\/wp-json\/wp\/v2\/pages\/9972"}],"collection":[{"href":"https:\/\/dok-ing.hr\/es\/wp-json\/wp\/v2\/pages"}],"about":[{"href":"https:\/\/dok-ing.hr\/es\/wp-json\/wp\/v2\/types\/page"}],"author":[{"embeddable":true,"href":"https:\/\/dok-ing.hr\/es\/wp-json\/wp\/v2\/users\/1"}],"replies":[{"embeddable":true,"href":"https:\/\/dok-ing.hr\/es\/wp-json\/wp\/v2\/comments?post=9972"}],"version-history":[{"count":3,"href":"https:\/\/dok-ing.hr\/es\/wp-json\/wp\/v2\/pages\/9972\/revisions"}],"predecessor-version":[{"id":9974,"href":"https:\/\/dok-ing.hr\/es\/wp-json\/wp\/v2\/pages\/9972\/revisions\/9974"}],"up":[{"embeddable":true,"href":"https:\/\/dok-ing.hr\/es\/wp-json\/wp\/v2\/pages\/9966"}],"wp:attachment":[{"href":"https:\/\/dok-ing.hr\/es\/wp-json\/wp\/v2\/media?parent=9972"}],"curies":[{"name":"wp","href":"https:\/\/api.w.org\/{rel}","templated":true}]}}